{"id":1399,"date":"2024-07-09T19:52:19","date_gmt":"2024-07-09T17:52:19","guid":{"rendered":"https:\/\/kavemystique.com\/termek\/mystique-echo\/"},"modified":"2024-09-13T16:26:45","modified_gmt":"2024-09-13T14:26:45","slug":"mystique-echo","status":"publish","type":"product","link":"https:\/\/kavemystique.com\/sk\/produkt\/mystique-echo\/","title":{"rendered":"Mystique Echo"},"content":{"rendered":"<div  class='avia-icon-list-container av-2x98u8-eb668fee95a6169d4aa329694a3574bd  avia-builder-el-0  avia-builder-el-no-sibling '><ul class='avia-icon-list avia_animate_when_almost_visible avia-icon-list-left av-iconlist-big av-2x98u8-eb668fee95a6169d4aa329694a3574bd avia-iconlist-animate'>\n<li><div class='iconlist_icon av-lyrm9k8h-684de944ecb230ec3427e9d83aeba19e avia-font-kave-font'><span class='iconlist-char' aria-hidden='true' data-av_icon='\ue806' data-av_iconfont='kave-font'><\/span><\/div><article class=\"article-icon-entry \"  itemscope=\"itemscope\" itemtype=\"https:\/\/schema.org\/CreativeWork\" ><div class=\"iconlist_content_wrap\"><header class=\"entry-content-header\"><h3 class='av_iconlist_title iconlist_title  '  itemprop=\"headline\" >Kvalita<\/h3><\/header><div class='iconlist_content '  itemprop=\"text\" ><p>Mystique Echo sa vyr\u00e1ba v\u00fdhradne z najkvalitnej\u0161\u00edch k\u00e1vov\u00fdch z\u0155n, so starostliv\u00fdm v\u00fdberom a prec\u00edznym pra\u017een\u00edm. Zlo\u017eenie a harm\u00f3nia chut\u00ed s\u013eubuj\u00fa kvalitn\u00fa k\u00e1vu v ka\u017edom d\u00fa\u0161ku.<\/p>\n<\/div><\/div><footer class=\"entry-footer\"><\/footer><\/article><div class=\"iconlist-timeline\"><\/div><\/li>\n<li><div class='iconlist_icon av-lyrm9k8h-5-a4e87f81eebe047637f70bcad58e89d5 avia-font-kave-font'><span class='iconlist-char' aria-hidden='true' data-av_icon='\ue806' data-av_iconfont='kave-font'><\/span><\/div><article class=\"article-icon-entry \"  itemscope=\"itemscope\" itemtype=\"https:\/\/schema.org\/CreativeWork\" ><div class=\"iconlist_content_wrap\"><header class=\"entry-content-header\"><h3 class='av_iconlist_title iconlist_title  '  itemprop=\"headline\" >Udr\u017eate\u013enos\u0165<\/h3><\/header><div class='iconlist_content '  itemprop=\"text\" ><p>Zaviazali sme sa k trvalej udr\u017eate\u013enosti. K\u00e1va Mystique Echo pon\u00faka nielen vynikaj\u00face chute, ale poch\u00e1dza aj zo zodpovedn\u00e9ho po\u013enohospod\u00e1rstva, ktor\u00e9 podporuje udr\u017eate\u013en\u00e9 pestovanie k\u00e1vy a miestne komunity.<\/p>\n<\/div><\/div><footer class=\"entry-footer\"><\/footer><\/article><div class=\"iconlist-timeline\"><\/div><\/li>\n<li><div class='iconlist_icon av-lyrm9k8h-4-b3e04b989fc7730298b8750021660f79 avia-font-kave-font'><span class='iconlist-char' aria-hidden='true' data-av_icon='\ue806' data-av_iconfont='kave-font'><\/span><\/div><article class=\"article-icon-entry \"  itemscope=\"itemscope\" itemtype=\"https:\/\/schema.org\/CreativeWork\" ><div class=\"iconlist_content_wrap\"><header class=\"entry-content-header\"><h3 class='av_iconlist_title iconlist_title  '  itemprop=\"headline\" >Bez GMO<\/h3><\/header><div class='iconlist_content '  itemprop=\"text\" ><p>K\u00e1va Mystique Echo neobsahuje GMO. Za dochu\u0165ou tmavej \u010dokol\u00e1dy a zemit\u00fdmi t\u00f3nmi nie je ni\u010d in\u00e9 ako \u010dist\u00e1, pr\u00edrodn\u00e1 k\u00e1va, ktor\u00e1 neobsahuje geneticky modifikovan\u00e9 zlo\u017eky.<\/p>\n<\/div><\/div><footer class=\"entry-footer\"><\/footer><\/article><div class=\"iconlist-timeline\"><\/div><\/li>\n<li><div class='iconlist_icon av-lyrm9k8h-2-e4253e4065a7891f28b14a4bbb614b53 avia-font-kave-font'><span class='iconlist-char' aria-hidden='true' data-av_icon='\ue806' data-av_iconfont='kave-font'><\/span><\/div><article class=\"article-icon-entry \"  itemscope=\"itemscope\" itemtype=\"https:\/\/schema.org\/CreativeWork\" ><div class=\"iconlist_content_wrap\"><header class=\"entry-content-header\"><h3 class='av_iconlist_title iconlist_title  '  itemprop=\"headline\" >Odpor\u00fa\u010danie<\/h3><\/header><div class='iconlist_content '  itemprop=\"text\" ><p>Vyberte si Mystique Echo nielen pre jeho chu\u0165, ale aj pre n\u00e1\u0161 z\u00e1v\u00e4zok k vysokej kvalite, udr\u017eate\u013enosti a bez GMO. Ka\u017ed\u00fd d\u00fa\u0161ok je cestou do minulosti a krokom do bud\u00facnosti, s\u00fa\u010das\u0165ou zodpovedn\u00e9ho a pr\u00edjemn\u00e9ho z\u00e1\u017eitku z k\u00e1vy.<\/p>\n<\/div><\/div><footer class=\"entry-footer\"><\/footer><\/article><div class=\"iconlist-timeline\"><\/div><\/li>\n<\/ul><\/div>\n<p>&nbsp;<\/p>\n<h4>Hlavn\u00e9 pr\u00edchute:<\/h4>\n<p>lieskov\u00fd orech<br \/>\nSlama<br \/>\nKaramel<br \/>\nPozemn\u00e9 l\u00edstky<br \/>\nHork\u00e1 \u010dokol\u00e1da<\/p>\n","protected":false},"excerpt":{"rendered":"<p>Mystique Echo, m\u00fazeum chut\u00ed minulosti, je k\u00e1va, ktor\u00e1 v\u00e1s o\u010dar\u00ed nielen svojou jedine\u010dnou chu\u0165ou, ale aj z\u00e1v\u00e4zkom ku kvalite, udr\u017eate\u013enosti a bez GMO. Pozost\u00e1va zo starostlivo vybran\u00fdch odr\u00f4d braz\u00edlskej k\u00e1vy Arabica a Kaapi Royale, ktor\u00e9 zaru\u010duj\u00fa vysok\u00fa kvalitu v ka\u017edom d\u00fa\u0161ku.<\/p>\n","protected":false},"featured_media":1650,"comment_status":"open","ping_status":"closed","template":"","meta":{"inline_featured_image":false},"product_brand":[],"product_cat":[98],"product_tag":[],"class_list":{"0":"post-1399","1":"product","2":"type-product","3":"status-publish","4":"has-post-thumbnail","6":"product_cat-kavy","8":"first","9":"instock","10":"shipping-taxable","11":"purchasable","12":"product-type-variable"},"yoast_head":"<!-- This site is optimized with the Yoast SEO plugin v27.6 - https:\/\/yoast.com\/product\/yoast-seo-wordpress\/ -->\n<title>Mystique Echo - K\u00e1v\u00e9 Mystique<\/title>\n<meta name=\"robots\" content=\"index, follow, max-snippet:-1, max-image-preview:large, max-video-preview:-1\" \/>\n<link rel=\"canonical\" href=\"https:\/\/kavemystique.com\/sk\/produkt\/mystique-echo\/\" \/>\n<meta property=\"og:locale\" content=\"sk_SK\" \/>\n<meta property=\"og:type\" content=\"article\" \/>\n<meta property=\"og:title\" content=\"Mystique Echo - K\u00e1v\u00e9 Mystique\" \/>\n<meta property=\"og:description\" content=\"Mystique Echo, m\u00fazeum chut\u00ed minulosti, je k\u00e1va, ktor\u00e1 v\u00e1s o\u010dar\u00ed nielen svojou jedine\u010dnou chu\u0165ou, ale aj z\u00e1v\u00e4zkom ku kvalite, udr\u017eate\u013enosti a bez GMO. Pozost\u00e1va zo starostlivo vybran\u00fdch odr\u00f4d braz\u00edlskej k\u00e1vy Arabica a Kaapi Royale, ktor\u00e9 zaru\u010duj\u00fa vysok\u00fa kvalitu v ka\u017edom d\u00fa\u0161ku.\" \/>\n<meta property=\"og:url\" content=\"https:\/\/kavemystique.com\/sk\/produkt\/mystique-echo\/\" \/>\n<meta property=\"og:site_name\" content=\"K\u00e1v\u00e9 Mystique\" \/>\n<meta property=\"article:modified_time\" content=\"2024-09-13T14:26:45+00:00\" \/>\n<meta property=\"og:image\" content=\"https:\/\/kavemystique.com\/wp-content\/uploads\/2024\/07\/echo.jpg\" \/>\n\t<meta property=\"og:image:width\" content=\"1200\" \/>\n\t<meta property=\"og:image:height\" content=\"1200\" \/>\n\t<meta property=\"og:image:type\" content=\"image\/jpeg\" \/>\n<meta name=\"twitter:card\" content=\"summary_large_image\" \/>\n<meta name=\"twitter:label1\" content=\"Predpokladan\u00fd \u010das \u010d\u00edtania\" \/>\n\t<meta name=\"twitter:data1\" content=\"2 min\u00faty\" \/>\n<script type=\"application\/ld+json\" class=\"yoast-schema-graph\">{\"@context\":\"https:\\\/\\\/schema.org\",\"@graph\":[{\"@type\":\"WebPage\",\"@id\":\"https:\\\/\\\/kavemystique.com\\\/sk\\\/produkt\\\/mystique-echo\\\/\",\"url\":\"https:\\\/\\\/kavemystique.com\\\/sk\\\/produkt\\\/mystique-echo\\\/\",\"name\":\"Mystique Echo - K\u00e1v\u00e9 Mystique\",\"isPartOf\":{\"@id\":\"https:\\\/\\\/kavemystique.com\\\/#website\"},\"primaryImageOfPage\":{\"@id\":\"https:\\\/\\\/kavemystique.com\\\/sk\\\/produkt\\\/mystique-echo\\\/#primaryimage\"},\"image\":{\"@id\":\"https:\\\/\\\/kavemystique.com\\\/sk\\\/produkt\\\/mystique-echo\\\/#primaryimage\"},\"thumbnailUrl\":\"https:\\\/\\\/kavemystique.com\\\/wp-content\\\/uploads\\\/2024\\\/07\\\/echo.jpg\",\"datePublished\":\"2024-07-09T17:52:19+00:00\",\"dateModified\":\"2024-09-13T14:26:45+00:00\",\"breadcrumb\":{\"@id\":\"https:\\\/\\\/kavemystique.com\\\/sk\\\/produkt\\\/mystique-echo\\\/#breadcrumb\"},\"inLanguage\":\"sk-SK\",\"potentialAction\":[{\"@type\":\"ReadAction\",\"target\":[\"https:\\\/\\\/kavemystique.com\\\/sk\\\/produkt\\\/mystique-echo\\\/\"]}]},{\"@type\":\"ImageObject\",\"inLanguage\":\"sk-SK\",\"@id\":\"https:\\\/\\\/kavemystique.com\\\/sk\\\/produkt\\\/mystique-echo\\\/#primaryimage\",\"url\":\"https:\\\/\\\/kavemystique.com\\\/wp-content\\\/uploads\\\/2024\\\/07\\\/echo.jpg\",\"contentUrl\":\"https:\\\/\\\/kavemystique.com\\\/wp-content\\\/uploads\\\/2024\\\/07\\\/echo.jpg\",\"width\":1200,\"height\":1200,\"caption\":\"Echo\"},{\"@type\":\"BreadcrumbList\",\"@id\":\"https:\\\/\\\/kavemystique.com\\\/sk\\\/produkt\\\/mystique-echo\\\/#breadcrumb\",\"itemListElement\":[{\"@type\":\"ListItem\",\"position\":1,\"name\":\"Kezd\u0151lap\",\"item\":\"https:\\\/\\\/kavemystique.com\\\/sk\\\/\"},{\"@type\":\"ListItem\",\"position\":2,\"name\":\"Webshop\",\"item\":\"https:\\\/\\\/kavemystique.com\\\/webshop\\\/\"},{\"@type\":\"ListItem\",\"position\":3,\"name\":\"Mystique Echo\"}]},{\"@type\":\"WebSite\",\"@id\":\"https:\\\/\\\/kavemystique.com\\\/#website\",\"url\":\"https:\\\/\\\/kavemystique.com\\\/\",\"name\":\"K\u00e1v\u00e9 Mystique\",\"description\":\"\",\"potentialAction\":[{\"@type\":\"SearchAction\",\"target\":{\"@type\":\"EntryPoint\",\"urlTemplate\":\"https:\\\/\\\/kavemystique.com\\\/?s={search_term_string}\"},\"query-input\":{\"@type\":\"PropertyValueSpecification\",\"valueRequired\":true,\"valueName\":\"search_term_string\"}}],\"inLanguage\":\"sk-SK\"}]}<\/script>\n<!-- \/ Yoast SEO plugin. -->","yoast_head_json":{"title":"Mystique Echo - K\u00e1v\u00e9 Mystique","robots":{"index":"index","follow":"follow","max-snippet":"max-snippet:-1","max-image-preview":"max-image-preview:large","max-video-preview":"max-video-preview:-1"},"canonical":"https:\/\/kavemystique.com\/sk\/produkt\/mystique-echo\/","og_locale":"sk_SK","og_type":"article","og_title":"Mystique Echo - K\u00e1v\u00e9 Mystique","og_description":"Mystique Echo, m\u00fazeum chut\u00ed minulosti, je k\u00e1va, ktor\u00e1 v\u00e1s o\u010dar\u00ed nielen svojou jedine\u010dnou chu\u0165ou, ale aj z\u00e1v\u00e4zkom ku kvalite, udr\u017eate\u013enosti a bez GMO. Pozost\u00e1va zo starostlivo vybran\u00fdch odr\u00f4d braz\u00edlskej k\u00e1vy Arabica a Kaapi Royale, ktor\u00e9 zaru\u010duj\u00fa vysok\u00fa kvalitu v ka\u017edom d\u00fa\u0161ku.","og_url":"https:\/\/kavemystique.com\/sk\/produkt\/mystique-echo\/","og_site_name":"K\u00e1v\u00e9 Mystique","article_modified_time":"2024-09-13T14:26:45+00:00","og_image":[{"width":1200,"height":1200,"url":"https:\/\/kavemystique.com\/wp-content\/uploads\/2024\/07\/echo.jpg","type":"image\/jpeg"}],"twitter_card":"summary_large_image","twitter_misc":{"Predpokladan\u00fd \u010das \u010d\u00edtania":"2 min\u00faty"},"schema":{"@context":"https:\/\/schema.org","@graph":[{"@type":"WebPage","@id":"https:\/\/kavemystique.com\/sk\/produkt\/mystique-echo\/","url":"https:\/\/kavemystique.com\/sk\/produkt\/mystique-echo\/","name":"Mystique Echo - K\u00e1v\u00e9 Mystique","isPartOf":{"@id":"https:\/\/kavemystique.com\/#website"},"primaryImageOfPage":{"@id":"https:\/\/kavemystique.com\/sk\/produkt\/mystique-echo\/#primaryimage"},"image":{"@id":"https:\/\/kavemystique.com\/sk\/produkt\/mystique-echo\/#primaryimage"},"thumbnailUrl":"https:\/\/kavemystique.com\/wp-content\/uploads\/2024\/07\/echo.jpg","datePublished":"2024-07-09T17:52:19+00:00","dateModified":"2024-09-13T14:26:45+00:00","breadcrumb":{"@id":"https:\/\/kavemystique.com\/sk\/produkt\/mystique-echo\/#breadcrumb"},"inLanguage":"sk-SK","potentialAction":[{"@type":"ReadAction","target":["https:\/\/kavemystique.com\/sk\/produkt\/mystique-echo\/"]}]},{"@type":"ImageObject","inLanguage":"sk-SK","@id":"https:\/\/kavemystique.com\/sk\/produkt\/mystique-echo\/#primaryimage","url":"https:\/\/kavemystique.com\/wp-content\/uploads\/2024\/07\/echo.jpg","contentUrl":"https:\/\/kavemystique.com\/wp-content\/uploads\/2024\/07\/echo.jpg","width":1200,"height":1200,"caption":"Echo"},{"@type":"BreadcrumbList","@id":"https:\/\/kavemystique.com\/sk\/produkt\/mystique-echo\/#breadcrumb","itemListElement":[{"@type":"ListItem","position":1,"name":"Kezd\u0151lap","item":"https:\/\/kavemystique.com\/sk\/"},{"@type":"ListItem","position":2,"name":"Webshop","item":"https:\/\/kavemystique.com\/webshop\/"},{"@type":"ListItem","position":3,"name":"Mystique Echo"}]},{"@type":"WebSite","@id":"https:\/\/kavemystique.com\/#website","url":"https:\/\/kavemystique.com\/","name":"K\u00e1v\u00e9 Mystique","description":"","potentialAction":[{"@type":"SearchAction","target":{"@type":"EntryPoint","urlTemplate":"https:\/\/kavemystique.com\/?s={search_term_string}"},"query-input":{"@type":"PropertyValueSpecification","valueRequired":true,"valueName":"search_term_string"}}],"inLanguage":"sk-SK"}]}},"_links":{"self":[{"href":"https:\/\/kavemystique.com\/sk\/wp-json\/wp\/v2\/product\/1399","targetHints":{"allow":["GET"]}}],"collection":[{"href":"https:\/\/kavemystique.com\/sk\/wp-json\/wp\/v2\/product"}],"about":[{"href":"https:\/\/kavemystique.com\/sk\/wp-json\/wp\/v2\/types\/product"}],"replies":[{"embeddable":true,"href":"https:\/\/kavemystique.com\/sk\/wp-json\/wp\/v2\/comments?post=1399"}],"wp:featuredmedia":[{"embeddable":true,"href":"https:\/\/kavemystique.com\/sk\/wp-json\/wp\/v2\/media\/1650"}],"wp:attachment":[{"href":"https:\/\/kavemystique.com\/sk\/wp-json\/wp\/v2\/media?parent=1399"}],"wp:term":[{"taxonomy":"product_brand","embeddable":true,"href":"https:\/\/kavemystique.com\/sk\/wp-json\/wp\/v2\/product_brand?post=1399"},{"taxonomy":"product_cat","embeddable":true,"href":"https:\/\/kavemystique.com\/sk\/wp-json\/wp\/v2\/product_cat?post=1399"},{"taxonomy":"product_tag","embeddable":true,"href":"https:\/\/kavemystique.com\/sk\/wp-json\/wp\/v2\/product_tag?post=1399"}],"curies":[{"name":"wp","href":"https:\/\/api.w.org\/{rel}","templated":true}]}}