{"id":1375,"date":"2024-07-09T19:52:52","date_gmt":"2024-07-09T17:52:52","guid":{"rendered":"https:\/\/kavemystique.com\/termek\/mystique-magic-espresso\/"},"modified":"2024-09-13T16:18:49","modified_gmt":"2024-09-13T14:18:49","slug":"mystique-magic-espresso","status":"publish","type":"product","link":"https:\/\/kavemystique.com\/sk\/produkt\/mystique-magic-espresso\/","title":{"rendered":"Mystique Magic Espresso"},"content":{"rendered":"<p>Mystique Magic Espresso, majstrovsk\u00e9 dielo m\u00e1gie k\u00e1vy, je \u0161peci\u00e1lna zmes, ktor\u00e1 vytv\u00e1ra dokonal\u00fa harm\u00f3niu braz\u00edlskej Arabiky a indickej Kaapi Royale robusta. \u010carovn\u00fd svet chut\u00ed sa stret\u00e1va s jemn\u00fdmi, ovocn\u00fdmi t\u00f3nmi braz\u00edlskej Arabiky a siln\u00fdm charakterom Kaapi Royal Robusta. Jedine\u010dn\u00fd k\u00e1vov\u00fd z\u00e1\u017eitok, v ktorom sa sp\u00e1jaj\u00fa chute minulosti a s\u00fa\u010dasnosti.<\/p>\n<p>&nbsp;<\/p>\n<div  class='avia-icon-list-container av-2x98u8-eb668fee95a6169d4aa329694a3574bd  avia-builder-el-0  avia-builder-el-no-sibling '><ul class='avia-icon-list avia_animate_when_almost_visible avia-icon-list-left av-iconlist-big av-2x98u8-eb668fee95a6169d4aa329694a3574bd avia-iconlist-animate'>\n<li><div class='iconlist_icon av-lyrm9k8h-684de944ecb230ec3427e9d83aeba19e avia-font-kave-font'><span class='iconlist-char' aria-hidden='true' data-av_icon='\ue806' data-av_iconfont='kave-font'><\/span><\/div><article class=\"article-icon-entry \"  itemscope=\"itemscope\" itemtype=\"https:\/\/schema.org\/CreativeWork\" ><div class=\"iconlist_content_wrap\"><header class=\"entry-content-header\"><h3 class='av_iconlist_title iconlist_title  '  itemprop=\"headline\" >Kvalita<\/h3><\/header><div class='iconlist_content '  itemprop=\"text\" ><p>Mystique Magic Espresso sa vyr\u00e1ba z vysoko kvalitnej braz\u00edlskej arabiky a indickej k\u00e1vy Kaapi Royale robusta. V\u00fdsledok starostliv\u00e9ho v\u00fdberu a odborne preveden\u00e9ho pra\u017eenia c\u00edti\u0165 v ka\u017edom d\u00fa\u0161ku, \u010do pozdvihuje p\u00f4\u017eitok z k\u00e1vy na nov\u00fa \u00farove\u0148.<\/p>\n<\/div><\/div><footer class=\"entry-footer\"><\/footer><\/article><div class=\"iconlist-timeline\"><\/div><\/li>\n<li><div class='iconlist_icon av-lyrm9k8h-5-a4e87f81eebe047637f70bcad58e89d5 avia-font-kave-font'><span class='iconlist-char' aria-hidden='true' data-av_icon='\ue806' data-av_iconfont='kave-font'><\/span><\/div><article class=\"article-icon-entry \"  itemscope=\"itemscope\" itemtype=\"https:\/\/schema.org\/CreativeWork\" ><div class=\"iconlist_content_wrap\"><header class=\"entry-content-header\"><h3 class='av_iconlist_title iconlist_title  '  itemprop=\"headline\" >Udr\u017eate\u013enos\u0165<\/h3><\/header><div class='iconlist_content '  itemprop=\"text\" ><p>K\u00e1vov\u00e1 zmes predstavuje nielen rafinovan\u00e9 chute, ale aj zodpovedn\u00fa v\u00fdrobu. Podporujeme udr\u017eate\u013en\u00e9 pestovanie k\u00e1vy, aby \u017eivotn\u00e9 prostredie a komunity pestovate\u013eov k\u00e1vy mali z p\u00f4\u017eitku z k\u00e1vy \u00fa\u017eitok.<\/p>\n<\/div><\/div><footer class=\"entry-footer\"><\/footer><\/article><div class=\"iconlist-timeline\"><\/div><\/li>\n<li><div class='iconlist_icon av-lyrm9k8h-4-b3e04b989fc7730298b8750021660f79 avia-font-kave-font'><span class='iconlist-char' aria-hidden='true' data-av_icon='\ue806' data-av_iconfont='kave-font'><\/span><\/div><article class=\"article-icon-entry \"  itemscope=\"itemscope\" itemtype=\"https:\/\/schema.org\/CreativeWork\" ><div class=\"iconlist_content_wrap\"><header class=\"entry-content-header\"><h3 class='av_iconlist_title iconlist_title  '  itemprop=\"headline\" >Bez GMO<\/h3><\/header><div class='iconlist_content '  itemprop=\"text\" ><p>Mystique Magic Espresso neobsahuje GMO. K\u00e1vov\u00e1 zmes je vyroben\u00e1 v\u00fdlu\u010dne z pr\u00edrodn\u00fdch surov\u00edn, \u010do zais\u0165uje \u010dist\u00fa a autentick\u00fa chu\u0165 v ka\u017edom d\u00fa\u0161ku.<\/p>\n<\/div><\/div><footer class=\"entry-footer\"><\/footer><\/article><div class=\"iconlist-timeline\"><\/div><\/li>\n<li><div class='iconlist_icon av-lyrm9k8h-2-e4253e4065a7891f28b14a4bbb614b53 avia-font-kave-font'><span class='iconlist-char' aria-hidden='true' data-av_icon='\ue806' data-av_iconfont='kave-font'><\/span><\/div><article class=\"article-icon-entry \"  itemscope=\"itemscope\" itemtype=\"https:\/\/schema.org\/CreativeWork\" ><div class=\"iconlist_content_wrap\"><header class=\"entry-content-header\"><h3 class='av_iconlist_title iconlist_title  '  itemprop=\"headline\" >Odpor\u00fa\u010danie<\/h3><\/header><div class='iconlist_content '  itemprop=\"text\" ><p>Vyberte si Mystique Magic Espresso, ak h\u013ead\u00e1te jedine\u010dn\u00fa chu\u0165 a magick\u00fd z\u00e1\u017eitok z k\u00e1vy, kde je zmes braz\u00edlskej arabiky a indick\u00e9ho Kaapi Royale \u0161peci\u00e1lna a pr\u00edjemn\u00e1. T\u00e1to k\u00e1va je pre t\u00fdch, ktor\u00ed chc\u00fa objavi\u0165 \u010daro sveta k\u00e1vy.<\/p>\n<\/div><\/div><footer class=\"entry-footer\"><\/footer><\/article><div class=\"iconlist-timeline\"><\/div><\/li>\n<\/ul><\/div>\n<h4>Hlavn\u00e9 pr\u00edchute:<\/h4>\n<p>lieskov\u00fd orech<br \/>\nSlama<br \/>\nKaramel<br \/>\nPozemn\u00e9 l\u00edstky<br \/>\nHork\u00e1 \u010dokol\u00e1da<\/p>\n","protected":false},"excerpt":{"rendered":"<p>Zmes, ktor\u00e1 evokuje chu\u0165 tradi\u010dnej k\u00e1vy z minulosti s modern\u00fdmi technikami pra\u017eenia. Vyvinut\u00e1 pre k\u00e1vovary Szarvas a men\u0161ie k\u00e1vovary na espresso.<\/p>\n","protected":false},"featured_media":1662,"comment_status":"open","ping_status":"closed","template":"","meta":{"inline_featured_image":false},"product_brand":[],"product_cat":[98],"product_tag":[],"class_list":{"0":"post-1375","1":"product","2":"type-product","3":"status-publish","4":"has-post-thumbnail","6":"product_cat-kavy","8":"first","9":"instock","10":"shipping-taxable","11":"purchasable","12":"product-type-variable"},"yoast_head":"<!-- This site is optimized with the Yoast SEO plugin v27.4 - https:\/\/yoast.com\/product\/yoast-seo-wordpress\/ -->\n<title>Mystique Magic Espresso - K\u00e1v\u00e9 Mystique<\/title>\n<meta name=\"robots\" content=\"index, follow, max-snippet:-1, max-image-preview:large, max-video-preview:-1\" \/>\n<link rel=\"canonical\" href=\"https:\/\/kavemystique.com\/sk\/produkt\/mystique-magic-espresso\/\" \/>\n<meta property=\"og:locale\" content=\"sk_SK\" \/>\n<meta property=\"og:type\" content=\"article\" \/>\n<meta property=\"og:title\" content=\"Mystique Magic Espresso - K\u00e1v\u00e9 Mystique\" \/>\n<meta property=\"og:description\" content=\"Zmes, ktor\u00e1 evokuje chu\u0165 tradi\u010dnej k\u00e1vy z minulosti s modern\u00fdmi technikami pra\u017eenia. Vyvinut\u00e1 pre k\u00e1vovary Szarvas a men\u0161ie k\u00e1vovary na espresso.\" \/>\n<meta property=\"og:url\" content=\"https:\/\/kavemystique.com\/sk\/produkt\/mystique-magic-espresso\/\" \/>\n<meta property=\"og:site_name\" content=\"K\u00e1v\u00e9 Mystique\" \/>\n<meta property=\"article:modified_time\" content=\"2024-09-13T14:18:49+00:00\" \/>\n<meta property=\"og:image\" content=\"https:\/\/kavemystique.com\/wp-content\/uploads\/2024\/07\/magic-expresso.jpg\" \/>\n\t<meta property=\"og:image:width\" content=\"1200\" \/>\n\t<meta property=\"og:image:height\" content=\"1200\" \/>\n\t<meta property=\"og:image:type\" content=\"image\/jpeg\" \/>\n<meta name=\"twitter:card\" content=\"summary_large_image\" \/>\n<meta name=\"twitter:label1\" content=\"Predpokladan\u00fd \u010das \u010d\u00edtania\" \/>\n\t<meta name=\"twitter:data1\" content=\"3 min\u00faty\" \/>\n<script type=\"application\/ld+json\" class=\"yoast-schema-graph\">{\"@context\":\"https:\\\/\\\/schema.org\",\"@graph\":[{\"@type\":\"WebPage\",\"@id\":\"https:\\\/\\\/kavemystique.com\\\/sk\\\/produkt\\\/mystique-magic-espresso\\\/\",\"url\":\"https:\\\/\\\/kavemystique.com\\\/sk\\\/produkt\\\/mystique-magic-espresso\\\/\",\"name\":\"Mystique Magic Espresso - K\u00e1v\u00e9 Mystique\",\"isPartOf\":{\"@id\":\"https:\\\/\\\/kavemystique.com\\\/#website\"},\"primaryImageOfPage\":{\"@id\":\"https:\\\/\\\/kavemystique.com\\\/sk\\\/produkt\\\/mystique-magic-espresso\\\/#primaryimage\"},\"image\":{\"@id\":\"https:\\\/\\\/kavemystique.com\\\/sk\\\/produkt\\\/mystique-magic-espresso\\\/#primaryimage\"},\"thumbnailUrl\":\"https:\\\/\\\/kavemystique.com\\\/wp-content\\\/uploads\\\/2024\\\/07\\\/magic-expresso.jpg\",\"datePublished\":\"2024-07-09T17:52:52+00:00\",\"dateModified\":\"2024-09-13T14:18:49+00:00\",\"breadcrumb\":{\"@id\":\"https:\\\/\\\/kavemystique.com\\\/sk\\\/produkt\\\/mystique-magic-espresso\\\/#breadcrumb\"},\"inLanguage\":\"sk-SK\",\"potentialAction\":[{\"@type\":\"ReadAction\",\"target\":[\"https:\\\/\\\/kavemystique.com\\\/sk\\\/produkt\\\/mystique-magic-espresso\\\/\"]}]},{\"@type\":\"ImageObject\",\"inLanguage\":\"sk-SK\",\"@id\":\"https:\\\/\\\/kavemystique.com\\\/sk\\\/produkt\\\/mystique-magic-espresso\\\/#primaryimage\",\"url\":\"https:\\\/\\\/kavemystique.com\\\/wp-content\\\/uploads\\\/2024\\\/07\\\/magic-expresso.jpg\",\"contentUrl\":\"https:\\\/\\\/kavemystique.com\\\/wp-content\\\/uploads\\\/2024\\\/07\\\/magic-expresso.jpg\",\"width\":1200,\"height\":1200,\"caption\":\"Magic expresso\"},{\"@type\":\"BreadcrumbList\",\"@id\":\"https:\\\/\\\/kavemystique.com\\\/sk\\\/produkt\\\/mystique-magic-espresso\\\/#breadcrumb\",\"itemListElement\":[{\"@type\":\"ListItem\",\"position\":1,\"name\":\"Kezd\u0151lap\",\"item\":\"https:\\\/\\\/kavemystique.com\\\/sk\\\/\"},{\"@type\":\"ListItem\",\"position\":2,\"name\":\"Webshop\",\"item\":\"https:\\\/\\\/kavemystique.com\\\/webshop\\\/\"},{\"@type\":\"ListItem\",\"position\":3,\"name\":\"Mystique Magic Espresso\"}]},{\"@type\":\"WebSite\",\"@id\":\"https:\\\/\\\/kavemystique.com\\\/#website\",\"url\":\"https:\\\/\\\/kavemystique.com\\\/\",\"name\":\"K\u00e1v\u00e9 Mystique\",\"description\":\"\",\"potentialAction\":[{\"@type\":\"SearchAction\",\"target\":{\"@type\":\"EntryPoint\",\"urlTemplate\":\"https:\\\/\\\/kavemystique.com\\\/?s={search_term_string}\"},\"query-input\":{\"@type\":\"PropertyValueSpecification\",\"valueRequired\":true,\"valueName\":\"search_term_string\"}}],\"inLanguage\":\"sk-SK\"}]}<\/script>\n<!-- \/ Yoast SEO plugin. -->","yoast_head_json":{"title":"Mystique Magic Espresso - K\u00e1v\u00e9 Mystique","robots":{"index":"index","follow":"follow","max-snippet":"max-snippet:-1","max-image-preview":"max-image-preview:large","max-video-preview":"max-video-preview:-1"},"canonical":"https:\/\/kavemystique.com\/sk\/produkt\/mystique-magic-espresso\/","og_locale":"sk_SK","og_type":"article","og_title":"Mystique Magic Espresso - K\u00e1v\u00e9 Mystique","og_description":"Zmes, ktor\u00e1 evokuje chu\u0165 tradi\u010dnej k\u00e1vy z minulosti s modern\u00fdmi technikami pra\u017eenia. Vyvinut\u00e1 pre k\u00e1vovary Szarvas a men\u0161ie k\u00e1vovary na espresso.","og_url":"https:\/\/kavemystique.com\/sk\/produkt\/mystique-magic-espresso\/","og_site_name":"K\u00e1v\u00e9 Mystique","article_modified_time":"2024-09-13T14:18:49+00:00","og_image":[{"width":1200,"height":1200,"url":"https:\/\/kavemystique.com\/wp-content\/uploads\/2024\/07\/magic-expresso.jpg","type":"image\/jpeg"}],"twitter_card":"summary_large_image","twitter_misc":{"Predpokladan\u00fd \u010das \u010d\u00edtania":"3 min\u00faty"},"schema":{"@context":"https:\/\/schema.org","@graph":[{"@type":"WebPage","@id":"https:\/\/kavemystique.com\/sk\/produkt\/mystique-magic-espresso\/","url":"https:\/\/kavemystique.com\/sk\/produkt\/mystique-magic-espresso\/","name":"Mystique Magic Espresso - K\u00e1v\u00e9 Mystique","isPartOf":{"@id":"https:\/\/kavemystique.com\/#website"},"primaryImageOfPage":{"@id":"https:\/\/kavemystique.com\/sk\/produkt\/mystique-magic-espresso\/#primaryimage"},"image":{"@id":"https:\/\/kavemystique.com\/sk\/produkt\/mystique-magic-espresso\/#primaryimage"},"thumbnailUrl":"https:\/\/kavemystique.com\/wp-content\/uploads\/2024\/07\/magic-expresso.jpg","datePublished":"2024-07-09T17:52:52+00:00","dateModified":"2024-09-13T14:18:49+00:00","breadcrumb":{"@id":"https:\/\/kavemystique.com\/sk\/produkt\/mystique-magic-espresso\/#breadcrumb"},"inLanguage":"sk-SK","potentialAction":[{"@type":"ReadAction","target":["https:\/\/kavemystique.com\/sk\/produkt\/mystique-magic-espresso\/"]}]},{"@type":"ImageObject","inLanguage":"sk-SK","@id":"https:\/\/kavemystique.com\/sk\/produkt\/mystique-magic-espresso\/#primaryimage","url":"https:\/\/kavemystique.com\/wp-content\/uploads\/2024\/07\/magic-expresso.jpg","contentUrl":"https:\/\/kavemystique.com\/wp-content\/uploads\/2024\/07\/magic-expresso.jpg","width":1200,"height":1200,"caption":"Magic expresso"},{"@type":"BreadcrumbList","@id":"https:\/\/kavemystique.com\/sk\/produkt\/mystique-magic-espresso\/#breadcrumb","itemListElement":[{"@type":"ListItem","position":1,"name":"Kezd\u0151lap","item":"https:\/\/kavemystique.com\/sk\/"},{"@type":"ListItem","position":2,"name":"Webshop","item":"https:\/\/kavemystique.com\/webshop\/"},{"@type":"ListItem","position":3,"name":"Mystique Magic Espresso"}]},{"@type":"WebSite","@id":"https:\/\/kavemystique.com\/#website","url":"https:\/\/kavemystique.com\/","name":"K\u00e1v\u00e9 Mystique","description":"","potentialAction":[{"@type":"SearchAction","target":{"@type":"EntryPoint","urlTemplate":"https:\/\/kavemystique.com\/?s={search_term_string}"},"query-input":{"@type":"PropertyValueSpecification","valueRequired":true,"valueName":"search_term_string"}}],"inLanguage":"sk-SK"}]}},"_links":{"self":[{"href":"https:\/\/kavemystique.com\/sk\/wp-json\/wp\/v2\/product\/1375","targetHints":{"allow":["GET"]}}],"collection":[{"href":"https:\/\/kavemystique.com\/sk\/wp-json\/wp\/v2\/product"}],"about":[{"href":"https:\/\/kavemystique.com\/sk\/wp-json\/wp\/v2\/types\/product"}],"replies":[{"embeddable":true,"href":"https:\/\/kavemystique.com\/sk\/wp-json\/wp\/v2\/comments?post=1375"}],"wp:featuredmedia":[{"embeddable":true,"href":"https:\/\/kavemystique.com\/sk\/wp-json\/wp\/v2\/media\/1662"}],"wp:attachment":[{"href":"https:\/\/kavemystique.com\/sk\/wp-json\/wp\/v2\/media?parent=1375"}],"wp:term":[{"taxonomy":"product_brand","embeddable":true,"href":"https:\/\/kavemystique.com\/sk\/wp-json\/wp\/v2\/product_brand?post=1375"},{"taxonomy":"product_cat","embeddable":true,"href":"https:\/\/kavemystique.com\/sk\/wp-json\/wp\/v2\/product_cat?post=1375"},{"taxonomy":"product_tag","embeddable":true,"href":"https:\/\/kavemystique.com\/sk\/wp-json\/wp\/v2\/product_tag?post=1375"}],"curies":[{"name":"wp","href":"https:\/\/api.w.org\/{rel}","templated":true}]}}