{"id":1367,"date":"2024-07-09T19:53:02","date_gmt":"2024-07-09T17:53:02","guid":{"rendered":"https:\/\/kavemystique.com\/termek\/mystique-harmony\/"},"modified":"2024-09-13T16:15:41","modified_gmt":"2024-09-13T14:15:41","slug":"mystique-harmony","status":"publish","type":"product","link":"https:\/\/kavemystique.com\/sk\/produkt\/mystique-harmony\/","title":{"rendered":"Mystique Harmony"},"content":{"rendered":"<p>Mystique Harmony je jedine\u010dn\u00e1 k\u00e1vov\u00e1 \u0161pecialita, kde sa stret\u00e1vaj\u00fa kolumbijsk\u00e1 huila, eti\u00f3pska ka\ufb00a a indon\u00e9zska k\u00e1va Arabica Gayo Belangi. V d\u00f4sledku \u010dist\u00e9ho, umyt\u00e9ho sp\u00f4sobu spracovania k\u00e1vovej zmesi a \u013eahk\u00e9ho a\u017e stredn\u00e9ho pra\u017eenia vytv\u00e1ra rafinovan\u00fa a harmonick\u00fa chu\u0165.<\/p>\n<p>&nbsp;<\/p>\n<div  class='avia-icon-list-container av-2x98u8-eb668fee95a6169d4aa329694a3574bd  avia-builder-el-0  avia-builder-el-no-sibling '><ul class='avia-icon-list avia_animate_when_almost_visible avia-icon-list-left av-iconlist-big av-2x98u8-eb668fee95a6169d4aa329694a3574bd avia-iconlist-animate'>\n<li><div class='iconlist_icon av-lyrm9k8h-684de944ecb230ec3427e9d83aeba19e avia-font-kave-font'><span class='iconlist-char' aria-hidden='true' data-av_icon='\ue806' data-av_iconfont='kave-font'><\/span><\/div><article class=\"article-icon-entry \"  itemscope=\"itemscope\" itemtype=\"https:\/\/schema.org\/CreativeWork\" ><div class=\"iconlist_content_wrap\"><header class=\"entry-content-header\"><h3 class='av_iconlist_title iconlist_title  '  itemprop=\"headline\" >Kvalita<\/h3><\/header><div class='iconlist_content '  itemprop=\"text\" ><p>K\u00e1vov\u00e9 zrn\u00e1 Arabica z ka\u017ed\u00e9ho regi\u00f3nu predstavuj\u00fa najvy\u0161\u0161iu kvalitu. K\u00e1vov\u00e1 zmes Mystique Harmony obsahuje jedine\u010dn\u00e9 vlastnosti ka\u017edej k\u00e1vovej kult\u00fary a pon\u00faka vynikaj\u00facu kvalitu v ka\u017edom d\u00fa\u0161ku.<\/p>\n<\/div><\/div><footer class=\"entry-footer\"><\/footer><\/article><div class=\"iconlist-timeline\"><\/div><\/li>\n<li><div class='iconlist_icon av-lyrm9k8h-5-a4e87f81eebe047637f70bcad58e89d5 avia-font-kave-font'><span class='iconlist-char' aria-hidden='true' data-av_icon='\ue806' data-av_iconfont='kave-font'><\/span><\/div><article class=\"article-icon-entry \"  itemscope=\"itemscope\" itemtype=\"https:\/\/schema.org\/CreativeWork\" ><div class=\"iconlist_content_wrap\"><header class=\"entry-content-header\"><h3 class='av_iconlist_title iconlist_title  '  itemprop=\"headline\" >Udr\u017eate\u013enos\u0165<\/h3><\/header><div class='iconlist_content '  itemprop=\"text\" ><p>K\u00e1vov\u00e1 zmes je nielen chutn\u00e1, ale podporuje aj zodpovedn\u00fa produkciu. Mystique Harmony sa zaviazala k udr\u017eate\u013en\u00e9mu pestovaniu k\u00e1vy a sna\u017e\u00ed sa podporova\u0165 \u017eivotn\u00e9 prostredie a komunity pestovate\u013eov k\u00e1vy.<\/p>\n<\/div><\/div><footer class=\"entry-footer\"><\/footer><\/article><div class=\"iconlist-timeline\"><\/div><\/li>\n<li><div class='iconlist_icon av-lyrm9k8h-4-b3e04b989fc7730298b8750021660f79 avia-font-kave-font'><span class='iconlist-char' aria-hidden='true' data-av_icon='\ue806' data-av_iconfont='kave-font'><\/span><\/div><article class=\"article-icon-entry \"  itemscope=\"itemscope\" itemtype=\"https:\/\/schema.org\/CreativeWork\" ><div class=\"iconlist_content_wrap\"><header class=\"entry-content-header\"><h3 class='av_iconlist_title iconlist_title  '  itemprop=\"headline\" >Bez GMO<\/h3><\/header><div class='iconlist_content '  itemprop=\"text\" ><p>Mystique Harmony neobsahuje GMO. Ingrediencie s\u00fa starostlivo vyberan\u00e9, aby zabezpe\u010dili \u010dist\u00fd a pr\u00edrodn\u00fd z\u00e1\u017eitok z k\u00e1vy, bez ak\u00fdchko\u013evek geneticky modifikovan\u00fdch pr\u00edsad.<\/p>\n<\/div><\/div><footer class=\"entry-footer\"><\/footer><\/article><div class=\"iconlist-timeline\"><\/div><\/li>\n<li><div class='iconlist_icon av-lyrm9k8h-2-e4253e4065a7891f28b14a4bbb614b53 avia-font-kave-font'><span class='iconlist-char' aria-hidden='true' data-av_icon='\ue806' data-av_iconfont='kave-font'><\/span><\/div><article class=\"article-icon-entry \"  itemscope=\"itemscope\" itemtype=\"https:\/\/schema.org\/CreativeWork\" ><div class=\"iconlist_content_wrap\"><header class=\"entry-content-header\"><h3 class='av_iconlist_title iconlist_title  '  itemprop=\"headline\" >Odpor\u00fa\u010danie<\/h3><\/header><div class='iconlist_content '  itemprop=\"text\" ><p>Objavte harm\u00f3niu chut\u00ed s k\u00e1vou Mystique Harmony! T\u00e1to k\u00e1va je pre t\u00fdch, ktor\u00ed si cenia rozmanitos\u0165 a s\u00fa zvedav\u00ed na kombinovanie r\u00f4znych k\u00e1vov\u00fdch kult\u00far. Ponorte sa do tohto k\u00e1vov\u00e9ho dobrodru\u017estva, kde sa stret\u00e1vaj\u00fa chute sveta a vytv\u00e1raj\u00fa dokonal\u00fa harm\u00f3niu.<\/p>\n<\/div><\/div><footer class=\"entry-footer\"><\/footer><\/article><div class=\"iconlist-timeline\"><\/div><\/li>\n<\/ul><\/div>\n<h4>Hlavn\u00e9 pr\u00edchute:<\/h4>\n<p>Ovocn\u00e9 t\u00f3ny (mandar\u00ednka, citrusy)<br \/>\nKvetinov\u00e9 t\u00f3ny (jazm\u00edn)<br \/>\nZlatko<br \/>\nCukrov\u00e1 trstina<br \/>\nJemn\u00e1 kyslos\u0165<\/p>\n","protected":false},"excerpt":{"rendered":"<p>Vyv\u00e1\u017een\u00e1 a harmonick\u00e1 zmes k\u00e1vy, ktor\u00e1 kombinuje nieko\u013eko r\u00f4znych p\u00f4vodov. Vyvinut\u00e1 pre dom\u00e1ce automatick\u00e9 k\u00e1vovary.<\/p>\n","protected":false},"featured_media":1656,"comment_status":"open","ping_status":"closed","template":"","meta":{"inline_featured_image":false},"product_brand":[],"product_cat":[98],"product_tag":[],"class_list":{"0":"post-1367","1":"product","2":"type-product","3":"status-publish","4":"has-post-thumbnail","6":"product_cat-kavy","8":"first","9":"instock","10":"shipping-taxable","11":"purchasable","12":"product-type-variable"},"yoast_head":"<!-- This site is optimized with the Yoast SEO plugin v27.5 - https:\/\/yoast.com\/product\/yoast-seo-wordpress\/ -->\n<title>Mystique Harmony - K\u00e1v\u00e9 Mystique<\/title>\n<meta name=\"robots\" content=\"index, follow, max-snippet:-1, max-image-preview:large, max-video-preview:-1\" \/>\n<link rel=\"canonical\" href=\"https:\/\/kavemystique.com\/sk\/produkt\/mystique-harmony\/\" \/>\n<meta property=\"og:locale\" content=\"sk_SK\" \/>\n<meta property=\"og:type\" content=\"article\" \/>\n<meta property=\"og:title\" content=\"Mystique Harmony - K\u00e1v\u00e9 Mystique\" \/>\n<meta property=\"og:description\" content=\"Vyv\u00e1\u017een\u00e1 a harmonick\u00e1 zmes k\u00e1vy, ktor\u00e1 kombinuje nieko\u013eko r\u00f4znych p\u00f4vodov. Vyvinut\u00e1 pre dom\u00e1ce automatick\u00e9 k\u00e1vovary.\" \/>\n<meta property=\"og:url\" content=\"https:\/\/kavemystique.com\/sk\/produkt\/mystique-harmony\/\" \/>\n<meta property=\"og:site_name\" content=\"K\u00e1v\u00e9 Mystique\" \/>\n<meta property=\"article:modified_time\" content=\"2024-09-13T14:15:41+00:00\" \/>\n<meta property=\"og:image\" content=\"https:\/\/kavemystique.com\/wp-content\/uploads\/2024\/07\/harmony.jpg\" \/>\n\t<meta property=\"og:image:width\" content=\"1200\" \/>\n\t<meta property=\"og:image:height\" content=\"1200\" \/>\n\t<meta property=\"og:image:type\" content=\"image\/jpeg\" \/>\n<meta name=\"twitter:card\" content=\"summary_large_image\" \/>\n<meta name=\"twitter:label1\" content=\"Predpokladan\u00fd \u010das \u010d\u00edtania\" \/>\n\t<meta name=\"twitter:data1\" content=\"3 min\u00faty\" \/>\n<script type=\"application\/ld+json\" class=\"yoast-schema-graph\">{\"@context\":\"https:\\\/\\\/schema.org\",\"@graph\":[{\"@type\":\"WebPage\",\"@id\":\"https:\\\/\\\/kavemystique.com\\\/sk\\\/produkt\\\/mystique-harmony\\\/\",\"url\":\"https:\\\/\\\/kavemystique.com\\\/sk\\\/produkt\\\/mystique-harmony\\\/\",\"name\":\"Mystique Harmony - K\u00e1v\u00e9 Mystique\",\"isPartOf\":{\"@id\":\"https:\\\/\\\/kavemystique.com\\\/#website\"},\"primaryImageOfPage\":{\"@id\":\"https:\\\/\\\/kavemystique.com\\\/sk\\\/produkt\\\/mystique-harmony\\\/#primaryimage\"},\"image\":{\"@id\":\"https:\\\/\\\/kavemystique.com\\\/sk\\\/produkt\\\/mystique-harmony\\\/#primaryimage\"},\"thumbnailUrl\":\"https:\\\/\\\/kavemystique.com\\\/wp-content\\\/uploads\\\/2024\\\/07\\\/harmony.jpg\",\"datePublished\":\"2024-07-09T17:53:02+00:00\",\"dateModified\":\"2024-09-13T14:15:41+00:00\",\"breadcrumb\":{\"@id\":\"https:\\\/\\\/kavemystique.com\\\/sk\\\/produkt\\\/mystique-harmony\\\/#breadcrumb\"},\"inLanguage\":\"sk-SK\",\"potentialAction\":[{\"@type\":\"ReadAction\",\"target\":[\"https:\\\/\\\/kavemystique.com\\\/sk\\\/produkt\\\/mystique-harmony\\\/\"]}]},{\"@type\":\"ImageObject\",\"inLanguage\":\"sk-SK\",\"@id\":\"https:\\\/\\\/kavemystique.com\\\/sk\\\/produkt\\\/mystique-harmony\\\/#primaryimage\",\"url\":\"https:\\\/\\\/kavemystique.com\\\/wp-content\\\/uploads\\\/2024\\\/07\\\/harmony.jpg\",\"contentUrl\":\"https:\\\/\\\/kavemystique.com\\\/wp-content\\\/uploads\\\/2024\\\/07\\\/harmony.jpg\",\"width\":1200,\"height\":1200,\"caption\":\"Harmony\"},{\"@type\":\"BreadcrumbList\",\"@id\":\"https:\\\/\\\/kavemystique.com\\\/sk\\\/produkt\\\/mystique-harmony\\\/#breadcrumb\",\"itemListElement\":[{\"@type\":\"ListItem\",\"position\":1,\"name\":\"Kezd\u0151lap\",\"item\":\"https:\\\/\\\/kavemystique.com\\\/sk\\\/\"},{\"@type\":\"ListItem\",\"position\":2,\"name\":\"Webshop\",\"item\":\"https:\\\/\\\/kavemystique.com\\\/webshop\\\/\"},{\"@type\":\"ListItem\",\"position\":3,\"name\":\"Mystique Harmony\"}]},{\"@type\":\"WebSite\",\"@id\":\"https:\\\/\\\/kavemystique.com\\\/#website\",\"url\":\"https:\\\/\\\/kavemystique.com\\\/\",\"name\":\"K\u00e1v\u00e9 Mystique\",\"description\":\"\",\"potentialAction\":[{\"@type\":\"SearchAction\",\"target\":{\"@type\":\"EntryPoint\",\"urlTemplate\":\"https:\\\/\\\/kavemystique.com\\\/?s={search_term_string}\"},\"query-input\":{\"@type\":\"PropertyValueSpecification\",\"valueRequired\":true,\"valueName\":\"search_term_string\"}}],\"inLanguage\":\"sk-SK\"}]}<\/script>\n<!-- \/ Yoast SEO plugin. -->","yoast_head_json":{"title":"Mystique Harmony - K\u00e1v\u00e9 Mystique","robots":{"index":"index","follow":"follow","max-snippet":"max-snippet:-1","max-image-preview":"max-image-preview:large","max-video-preview":"max-video-preview:-1"},"canonical":"https:\/\/kavemystique.com\/sk\/produkt\/mystique-harmony\/","og_locale":"sk_SK","og_type":"article","og_title":"Mystique Harmony - K\u00e1v\u00e9 Mystique","og_description":"Vyv\u00e1\u017een\u00e1 a harmonick\u00e1 zmes k\u00e1vy, ktor\u00e1 kombinuje nieko\u013eko r\u00f4znych p\u00f4vodov. Vyvinut\u00e1 pre dom\u00e1ce automatick\u00e9 k\u00e1vovary.","og_url":"https:\/\/kavemystique.com\/sk\/produkt\/mystique-harmony\/","og_site_name":"K\u00e1v\u00e9 Mystique","article_modified_time":"2024-09-13T14:15:41+00:00","og_image":[{"width":1200,"height":1200,"url":"https:\/\/kavemystique.com\/wp-content\/uploads\/2024\/07\/harmony.jpg","type":"image\/jpeg"}],"twitter_card":"summary_large_image","twitter_misc":{"Predpokladan\u00fd \u010das \u010d\u00edtania":"3 min\u00faty"},"schema":{"@context":"https:\/\/schema.org","@graph":[{"@type":"WebPage","@id":"https:\/\/kavemystique.com\/sk\/produkt\/mystique-harmony\/","url":"https:\/\/kavemystique.com\/sk\/produkt\/mystique-harmony\/","name":"Mystique Harmony - K\u00e1v\u00e9 Mystique","isPartOf":{"@id":"https:\/\/kavemystique.com\/#website"},"primaryImageOfPage":{"@id":"https:\/\/kavemystique.com\/sk\/produkt\/mystique-harmony\/#primaryimage"},"image":{"@id":"https:\/\/kavemystique.com\/sk\/produkt\/mystique-harmony\/#primaryimage"},"thumbnailUrl":"https:\/\/kavemystique.com\/wp-content\/uploads\/2024\/07\/harmony.jpg","datePublished":"2024-07-09T17:53:02+00:00","dateModified":"2024-09-13T14:15:41+00:00","breadcrumb":{"@id":"https:\/\/kavemystique.com\/sk\/produkt\/mystique-harmony\/#breadcrumb"},"inLanguage":"sk-SK","potentialAction":[{"@type":"ReadAction","target":["https:\/\/kavemystique.com\/sk\/produkt\/mystique-harmony\/"]}]},{"@type":"ImageObject","inLanguage":"sk-SK","@id":"https:\/\/kavemystique.com\/sk\/produkt\/mystique-harmony\/#primaryimage","url":"https:\/\/kavemystique.com\/wp-content\/uploads\/2024\/07\/harmony.jpg","contentUrl":"https:\/\/kavemystique.com\/wp-content\/uploads\/2024\/07\/harmony.jpg","width":1200,"height":1200,"caption":"Harmony"},{"@type":"BreadcrumbList","@id":"https:\/\/kavemystique.com\/sk\/produkt\/mystique-harmony\/#breadcrumb","itemListElement":[{"@type":"ListItem","position":1,"name":"Kezd\u0151lap","item":"https:\/\/kavemystique.com\/sk\/"},{"@type":"ListItem","position":2,"name":"Webshop","item":"https:\/\/kavemystique.com\/webshop\/"},{"@type":"ListItem","position":3,"name":"Mystique Harmony"}]},{"@type":"WebSite","@id":"https:\/\/kavemystique.com\/#website","url":"https:\/\/kavemystique.com\/","name":"K\u00e1v\u00e9 Mystique","description":"","potentialAction":[{"@type":"SearchAction","target":{"@type":"EntryPoint","urlTemplate":"https:\/\/kavemystique.com\/?s={search_term_string}"},"query-input":{"@type":"PropertyValueSpecification","valueRequired":true,"valueName":"search_term_string"}}],"inLanguage":"sk-SK"}]}},"_links":{"self":[{"href":"https:\/\/kavemystique.com\/sk\/wp-json\/wp\/v2\/product\/1367","targetHints":{"allow":["GET"]}}],"collection":[{"href":"https:\/\/kavemystique.com\/sk\/wp-json\/wp\/v2\/product"}],"about":[{"href":"https:\/\/kavemystique.com\/sk\/wp-json\/wp\/v2\/types\/product"}],"replies":[{"embeddable":true,"href":"https:\/\/kavemystique.com\/sk\/wp-json\/wp\/v2\/comments?post=1367"}],"wp:featuredmedia":[{"embeddable":true,"href":"https:\/\/kavemystique.com\/sk\/wp-json\/wp\/v2\/media\/1656"}],"wp:attachment":[{"href":"https:\/\/kavemystique.com\/sk\/wp-json\/wp\/v2\/media?parent=1367"}],"wp:term":[{"taxonomy":"product_brand","embeddable":true,"href":"https:\/\/kavemystique.com\/sk\/wp-json\/wp\/v2\/product_brand?post=1367"},{"taxonomy":"product_cat","embeddable":true,"href":"https:\/\/kavemystique.com\/sk\/wp-json\/wp\/v2\/product_cat?post=1367"},{"taxonomy":"product_tag","embeddable":true,"href":"https:\/\/kavemystique.com\/sk\/wp-json\/wp\/v2\/product_tag?post=1367"}],"curies":[{"name":"wp","href":"https:\/\/api.w.org\/{rel}","templated":true}]}}