{"id":1357,"date":"2024-07-20T12:57:47","date_gmt":"2024-07-20T10:57:47","guid":{"rendered":"https:\/\/kavemystique.com\/termek\/mystique-honeydew-drop\/"},"modified":"2024-09-13T16:13:08","modified_gmt":"2024-09-13T14:13:08","slug":"mystique-honeydew-drop","status":"publish","type":"product","link":"https:\/\/kavemystique.com\/sk\/produkt\/mystique-honeydew-drop\/","title":{"rendered":"Mystique Honeydew Drop"},"content":{"rendered":"<p>Mystique Honeydew Drop je k\u00e1vov\u00e1 \u0161pecialita, ktor\u00e1 milovn\u00edkov k\u00e1vy o\u010dar\u00ed harmonickou zmesou indon\u00e9zskeho medu Gayo Belangi a kostarick\u00e9ho Tarrazu Los Santos. Sladk\u00e9, medov\u00e9 t\u00f3ny k\u00e1vy a \u010dist\u00fd, premyt\u00fd charakter kostarickej arabiky vytv\u00e1raj\u00fa jedine\u010dn\u00fa kombin\u00e1ciu chut\u00ed.<\/p>\n<p>&nbsp;<\/p>\n<div  class='avia-icon-list-container av-2x98u8-eb668fee95a6169d4aa329694a3574bd  avia-builder-el-0  avia-builder-el-no-sibling '><ul class='avia-icon-list avia_animate_when_almost_visible avia-icon-list-left av-iconlist-big av-2x98u8-eb668fee95a6169d4aa329694a3574bd avia-iconlist-animate'>\n<li><div class='iconlist_icon av-lyrm9k8h-684de944ecb230ec3427e9d83aeba19e avia-font-kave-font'><span class='iconlist-char' aria-hidden='true' data-av_icon='\ue806' data-av_iconfont='kave-font'><\/span><\/div><article class=\"article-icon-entry \"  itemscope=\"itemscope\" itemtype=\"https:\/\/schema.org\/CreativeWork\" ><div class=\"iconlist_content_wrap\"><header class=\"entry-content-header\"><h3 class='av_iconlist_title iconlist_title  '  itemprop=\"headline\" >Kvalita<\/h3><\/header><div class='iconlist_content '  itemprop=\"text\" ><p>Mystique Honeydew Drop sa vyr\u00e1ba len z k\u00e1vov\u00fdch z\u0155n najvy\u0161\u0161ej kvality, ktor\u00e9 s\u00fa starostlivo vybran\u00e9 a pra\u017een\u00e9. Najkvalitnej\u0161ia medovkov\u00e1 k\u00e1va z najkvalitnej\u0161ej a najkvalitnej\u0161ej pra\u017eenej k\u00e1vy s najkvalitnej\u0161ou pra\u017eenou medovkou.<\/p>\n<\/div><\/div><footer class=\"entry-footer\"><\/footer><\/article><div class=\"iconlist-timeline\"><\/div><\/li>\n<li><div class='iconlist_icon av-lyrm9k8h-5-a4e87f81eebe047637f70bcad58e89d5 avia-font-kave-font'><span class='iconlist-char' aria-hidden='true' data-av_icon='\ue806' data-av_iconfont='kave-font'><\/span><\/div><article class=\"article-icon-entry \"  itemscope=\"itemscope\" itemtype=\"https:\/\/schema.org\/CreativeWork\" ><div class=\"iconlist_content_wrap\"><header class=\"entry-content-header\"><h3 class='av_iconlist_title iconlist_title  '  itemprop=\"headline\" >Udr\u017eate\u013enos\u0165<\/h3><\/header><div class='iconlist_content '  itemprop=\"text\" ><p>Na\u0161a k\u00e1vov\u00e1 zmes pon\u00faka nielen sofistikovan\u00e9 chute, ale je tie\u017e zameran\u00e1 na udr\u017eate\u013enos\u0165. Podporujeme komunity a ekologicky zodpovedn\u00e9 po\u013enohospod\u00e1rstvo, aby si v\u0161etci milovn\u00edci k\u00e1vy mohli vychutna\u0165 udr\u017eate\u013en\u00fd z\u00e1\u017eitok.<\/p>\n<\/div><\/div><footer class=\"entry-footer\"><\/footer><\/article><div class=\"iconlist-timeline\"><\/div><\/li>\n<li><div class='iconlist_icon av-lyrm9k8h-4-b3e04b989fc7730298b8750021660f79 avia-font-kave-font'><span class='iconlist-char' aria-hidden='true' data-av_icon='\ue806' data-av_iconfont='kave-font'><\/span><\/div><article class=\"article-icon-entry \"  itemscope=\"itemscope\" itemtype=\"https:\/\/schema.org\/CreativeWork\" ><div class=\"iconlist_content_wrap\"><header class=\"entry-content-header\"><h3 class='av_iconlist_title iconlist_title  '  itemprop=\"headline\" >Bez GMO<\/h3><\/header><div class='iconlist_content '  itemprop=\"text\" ><p>Mystique Honeydew Drop neobsahuje GMO. Sme presved\u010den\u00ed, \u017ee ka\u017ed\u00fd d\u00fa\u0161ok je \u010dist\u00fd a prirodzen\u00fd p\u00f4\u017eitok, bez ak\u00fdchko\u013evek geneticky modifikovan\u00fdch zlo\u017eiek.<\/p>\n<\/div><\/div><footer class=\"entry-footer\"><\/footer><\/article><div class=\"iconlist-timeline\"><\/div><\/li>\n<li><div class='iconlist_icon av-lyrm9k8h-2-e4253e4065a7891f28b14a4bbb614b53 avia-font-kave-font'><span class='iconlist-char' aria-hidden='true' data-av_icon='\ue806' data-av_iconfont='kave-font'><\/span><\/div><article class=\"article-icon-entry \"  itemscope=\"itemscope\" itemtype=\"https:\/\/schema.org\/CreativeWork\" ><div class=\"iconlist_content_wrap\"><header class=\"entry-content-header\"><h3 class='av_iconlist_title iconlist_title  '  itemprop=\"headline\" >Odpor\u00fa\u010danie<\/h3><\/header><div class='iconlist_content '  itemprop=\"text\" ><p>K\u00e1va je vhodn\u00e1 na pestovanie, ale aj na konzum\u00e1ciu, ak je to potrebn\u00e9:<\/p>\n<p>Ak h\u013ead\u00e1te jedine\u010dn\u00fd chu\u0165ov\u00fd z\u00e1\u017eitok, vyroben\u00fd s oh\u013eadom na najvy\u0161\u0161iu kvalitu a udr\u017eate\u013enos\u0165, vyberte si Mystique Honeydew Drop. Ponorte sa do sladk\u00e9ho objatia medu a ovocnej svie\u017eosti ka\u017ed\u00e9ho d\u00fa\u0161ku \u2013 k\u00e1vov\u00e1 cesta, na ktorej sa rafinovanos\u0165 stret\u00e1va s p\u00f4\u017eitkom.<\/p>\n<\/div><\/div><footer class=\"entry-footer\"><\/footer><\/article><div class=\"iconlist-timeline\"><\/div><\/li>\n<\/ul><\/div>\n<h4>K\u013e\u00fa\u010dov\u00e9 chu\u0165ov\u00e9 pozn\u00e1mky<\/h4>\n<p>Med<br \/>\nVanilka<br \/>\nOvocn\u00e9 t\u00f3ny<br \/>\nKvetinov\u00e9 t\u00f3ny<br \/>\n\u013dahk\u00e1 citrusov\u00e1 svie\u017eos\u0165<\/p>\n","protected":false},"excerpt":{"rendered":"<p>\u0160peci\u00e1lne vyvinut\u00e9 pre milovn\u00edkov filtrovanej k\u00e1vy. Pre k\u00e1vovary Chemex, Kalita alebo keramick\u00fd k\u00e1vovar Hario V60 od japonskej spolo\u010dnosti Hario.<\/p>\n","protected":false},"featured_media":1214,"comment_status":"open","ping_status":"closed","template":"","meta":{"inline_featured_image":false},"product_brand":[],"product_cat":[98],"product_tag":[],"class_list":{"0":"post-1357","1":"product","2":"type-product","3":"status-publish","4":"has-post-thumbnail","6":"product_cat-kavy","8":"first","9":"instock","10":"shipping-taxable","11":"purchasable","12":"product-type-variable"},"yoast_head":"<!-- This site is optimized with the Yoast SEO plugin v27.5 - https:\/\/yoast.com\/product\/yoast-seo-wordpress\/ -->\n<title>Mystique Honeydew Drop - K\u00e1v\u00e9 Mystique<\/title>\n<meta name=\"robots\" content=\"index, follow, max-snippet:-1, max-image-preview:large, max-video-preview:-1\" \/>\n<link rel=\"canonical\" href=\"https:\/\/kavemystique.com\/sk\/produkt\/mystique-honeydew-drop\/\" \/>\n<meta property=\"og:locale\" content=\"sk_SK\" \/>\n<meta property=\"og:type\" content=\"article\" \/>\n<meta property=\"og:title\" content=\"Mystique Honeydew Drop - K\u00e1v\u00e9 Mystique\" \/>\n<meta property=\"og:description\" content=\"\u0160peci\u00e1lne vyvinut\u00e9 pre milovn\u00edkov filtrovanej k\u00e1vy. Pre k\u00e1vovary Chemex, Kalita alebo keramick\u00fd k\u00e1vovar Hario V60 od japonskej spolo\u010dnosti Hario.\" \/>\n<meta property=\"og:url\" content=\"https:\/\/kavemystique.com\/sk\/produkt\/mystique-honeydew-drop\/\" \/>\n<meta property=\"og:site_name\" content=\"K\u00e1v\u00e9 Mystique\" \/>\n<meta property=\"article:modified_time\" content=\"2024-09-13T14:13:08+00:00\" \/>\n<meta property=\"og:image\" content=\"https:\/\/kavemystique.com\/wp-content\/uploads\/2024\/07\/termekkep.jpg\" \/>\n\t<meta property=\"og:image:width\" content=\"768\" \/>\n\t<meta property=\"og:image:height\" content=\"768\" \/>\n\t<meta property=\"og:image:type\" content=\"image\/jpeg\" \/>\n<meta name=\"twitter:card\" content=\"summary_large_image\" \/>\n<meta name=\"twitter:label1\" content=\"Predpokladan\u00fd \u010das \u010d\u00edtania\" \/>\n\t<meta name=\"twitter:data1\" content=\"3 min\u00faty\" \/>\n<script type=\"application\/ld+json\" class=\"yoast-schema-graph\">{\"@context\":\"https:\\\/\\\/schema.org\",\"@graph\":[{\"@type\":\"WebPage\",\"@id\":\"https:\\\/\\\/kavemystique.com\\\/sk\\\/produkt\\\/mystique-honeydew-drop\\\/\",\"url\":\"https:\\\/\\\/kavemystique.com\\\/sk\\\/produkt\\\/mystique-honeydew-drop\\\/\",\"name\":\"Mystique Honeydew Drop - K\u00e1v\u00e9 Mystique\",\"isPartOf\":{\"@id\":\"https:\\\/\\\/kavemystique.com\\\/#website\"},\"primaryImageOfPage\":{\"@id\":\"https:\\\/\\\/kavemystique.com\\\/sk\\\/produkt\\\/mystique-honeydew-drop\\\/#primaryimage\"},\"image\":{\"@id\":\"https:\\\/\\\/kavemystique.com\\\/sk\\\/produkt\\\/mystique-honeydew-drop\\\/#primaryimage\"},\"thumbnailUrl\":\"https:\\\/\\\/kavemystique.com\\\/wp-content\\\/uploads\\\/2024\\\/07\\\/termekkep.jpg\",\"datePublished\":\"2024-07-20T10:57:47+00:00\",\"dateModified\":\"2024-09-13T14:13:08+00:00\",\"breadcrumb\":{\"@id\":\"https:\\\/\\\/kavemystique.com\\\/sk\\\/produkt\\\/mystique-honeydew-drop\\\/#breadcrumb\"},\"inLanguage\":\"sk-SK\",\"potentialAction\":[{\"@type\":\"ReadAction\",\"target\":[\"https:\\\/\\\/kavemystique.com\\\/sk\\\/produkt\\\/mystique-honeydew-drop\\\/\"]}]},{\"@type\":\"ImageObject\",\"inLanguage\":\"sk-SK\",\"@id\":\"https:\\\/\\\/kavemystique.com\\\/sk\\\/produkt\\\/mystique-honeydew-drop\\\/#primaryimage\",\"url\":\"https:\\\/\\\/kavemystique.com\\\/wp-content\\\/uploads\\\/2024\\\/07\\\/termekkep.jpg\",\"contentUrl\":\"https:\\\/\\\/kavemystique.com\\\/wp-content\\\/uploads\\\/2024\\\/07\\\/termekkep.jpg\",\"width\":768,\"height\":768,\"caption\":\"Honeydew drop\"},{\"@type\":\"BreadcrumbList\",\"@id\":\"https:\\\/\\\/kavemystique.com\\\/sk\\\/produkt\\\/mystique-honeydew-drop\\\/#breadcrumb\",\"itemListElement\":[{\"@type\":\"ListItem\",\"position\":1,\"name\":\"Kezd\u0151lap\",\"item\":\"https:\\\/\\\/kavemystique.com\\\/sk\\\/\"},{\"@type\":\"ListItem\",\"position\":2,\"name\":\"Webshop\",\"item\":\"https:\\\/\\\/kavemystique.com\\\/webshop\\\/\"},{\"@type\":\"ListItem\",\"position\":3,\"name\":\"Mystique Honeydew Drop\"}]},{\"@type\":\"WebSite\",\"@id\":\"https:\\\/\\\/kavemystique.com\\\/#website\",\"url\":\"https:\\\/\\\/kavemystique.com\\\/\",\"name\":\"K\u00e1v\u00e9 Mystique\",\"description\":\"\",\"potentialAction\":[{\"@type\":\"SearchAction\",\"target\":{\"@type\":\"EntryPoint\",\"urlTemplate\":\"https:\\\/\\\/kavemystique.com\\\/?s={search_term_string}\"},\"query-input\":{\"@type\":\"PropertyValueSpecification\",\"valueRequired\":true,\"valueName\":\"search_term_string\"}}],\"inLanguage\":\"sk-SK\"}]}<\/script>\n<!-- \/ Yoast SEO plugin. -->","yoast_head_json":{"title":"Mystique Honeydew Drop - K\u00e1v\u00e9 Mystique","robots":{"index":"index","follow":"follow","max-snippet":"max-snippet:-1","max-image-preview":"max-image-preview:large","max-video-preview":"max-video-preview:-1"},"canonical":"https:\/\/kavemystique.com\/sk\/produkt\/mystique-honeydew-drop\/","og_locale":"sk_SK","og_type":"article","og_title":"Mystique Honeydew Drop - K\u00e1v\u00e9 Mystique","og_description":"\u0160peci\u00e1lne vyvinut\u00e9 pre milovn\u00edkov filtrovanej k\u00e1vy. Pre k\u00e1vovary Chemex, Kalita alebo keramick\u00fd k\u00e1vovar Hario V60 od japonskej spolo\u010dnosti Hario.","og_url":"https:\/\/kavemystique.com\/sk\/produkt\/mystique-honeydew-drop\/","og_site_name":"K\u00e1v\u00e9 Mystique","article_modified_time":"2024-09-13T14:13:08+00:00","og_image":[{"width":768,"height":768,"url":"https:\/\/kavemystique.com\/wp-content\/uploads\/2024\/07\/termekkep.jpg","type":"image\/jpeg"}],"twitter_card":"summary_large_image","twitter_misc":{"Predpokladan\u00fd \u010das \u010d\u00edtania":"3 min\u00faty"},"schema":{"@context":"https:\/\/schema.org","@graph":[{"@type":"WebPage","@id":"https:\/\/kavemystique.com\/sk\/produkt\/mystique-honeydew-drop\/","url":"https:\/\/kavemystique.com\/sk\/produkt\/mystique-honeydew-drop\/","name":"Mystique Honeydew Drop - K\u00e1v\u00e9 Mystique","isPartOf":{"@id":"https:\/\/kavemystique.com\/#website"},"primaryImageOfPage":{"@id":"https:\/\/kavemystique.com\/sk\/produkt\/mystique-honeydew-drop\/#primaryimage"},"image":{"@id":"https:\/\/kavemystique.com\/sk\/produkt\/mystique-honeydew-drop\/#primaryimage"},"thumbnailUrl":"https:\/\/kavemystique.com\/wp-content\/uploads\/2024\/07\/termekkep.jpg","datePublished":"2024-07-20T10:57:47+00:00","dateModified":"2024-09-13T14:13:08+00:00","breadcrumb":{"@id":"https:\/\/kavemystique.com\/sk\/produkt\/mystique-honeydew-drop\/#breadcrumb"},"inLanguage":"sk-SK","potentialAction":[{"@type":"ReadAction","target":["https:\/\/kavemystique.com\/sk\/produkt\/mystique-honeydew-drop\/"]}]},{"@type":"ImageObject","inLanguage":"sk-SK","@id":"https:\/\/kavemystique.com\/sk\/produkt\/mystique-honeydew-drop\/#primaryimage","url":"https:\/\/kavemystique.com\/wp-content\/uploads\/2024\/07\/termekkep.jpg","contentUrl":"https:\/\/kavemystique.com\/wp-content\/uploads\/2024\/07\/termekkep.jpg","width":768,"height":768,"caption":"Honeydew drop"},{"@type":"BreadcrumbList","@id":"https:\/\/kavemystique.com\/sk\/produkt\/mystique-honeydew-drop\/#breadcrumb","itemListElement":[{"@type":"ListItem","position":1,"name":"Kezd\u0151lap","item":"https:\/\/kavemystique.com\/sk\/"},{"@type":"ListItem","position":2,"name":"Webshop","item":"https:\/\/kavemystique.com\/webshop\/"},{"@type":"ListItem","position":3,"name":"Mystique Honeydew Drop"}]},{"@type":"WebSite","@id":"https:\/\/kavemystique.com\/#website","url":"https:\/\/kavemystique.com\/","name":"K\u00e1v\u00e9 Mystique","description":"","potentialAction":[{"@type":"SearchAction","target":{"@type":"EntryPoint","urlTemplate":"https:\/\/kavemystique.com\/?s={search_term_string}"},"query-input":{"@type":"PropertyValueSpecification","valueRequired":true,"valueName":"search_term_string"}}],"inLanguage":"sk-SK"}]}},"_links":{"self":[{"href":"https:\/\/kavemystique.com\/sk\/wp-json\/wp\/v2\/product\/1357","targetHints":{"allow":["GET"]}}],"collection":[{"href":"https:\/\/kavemystique.com\/sk\/wp-json\/wp\/v2\/product"}],"about":[{"href":"https:\/\/kavemystique.com\/sk\/wp-json\/wp\/v2\/types\/product"}],"replies":[{"embeddable":true,"href":"https:\/\/kavemystique.com\/sk\/wp-json\/wp\/v2\/comments?post=1357"}],"wp:featuredmedia":[{"embeddable":true,"href":"https:\/\/kavemystique.com\/sk\/wp-json\/wp\/v2\/media\/1214"}],"wp:attachment":[{"href":"https:\/\/kavemystique.com\/sk\/wp-json\/wp\/v2\/media?parent=1357"}],"wp:term":[{"taxonomy":"product_brand","embeddable":true,"href":"https:\/\/kavemystique.com\/sk\/wp-json\/wp\/v2\/product_brand?post=1357"},{"taxonomy":"product_cat","embeddable":true,"href":"https:\/\/kavemystique.com\/sk\/wp-json\/wp\/v2\/product_cat?post=1357"},{"taxonomy":"product_tag","embeddable":true,"href":"https:\/\/kavemystique.com\/sk\/wp-json\/wp\/v2\/product_tag?post=1357"}],"curies":[{"name":"wp","href":"https:\/\/api.w.org\/{rel}","templated":true}]}}