{"id":1349,"date":"2024-07-20T12:59:01","date_gmt":"2024-07-20T10:59:01","guid":{"rendered":"https:\/\/kavemystique.com\/termek\/mystique-press-symphony\/"},"modified":"2024-09-13T16:09:58","modified_gmt":"2024-09-13T14:09:58","slug":"mystique-press-symphony","status":"publish","type":"product","link":"https:\/\/kavemystique.com\/sk\/produkt\/mystique-press-symphony\/","title":{"rendered":"Mystique Press Symphony"},"content":{"rendered":"<p>Mystique Press Symphony je k\u00e1vov\u00e1 vokal\u00e1da, v ktorej sa v harmonickej symf\u00f3nii mie\u0161aj\u00fa guatemalsk\u00e1 k\u00e1va Huehuetenango Finca Rio Ocho a indon\u00e9zska arabica Gayo Belangi. K\u00e1va vznikla spojen\u00edm met\u00f3d prania a spracovania medu, m\u00e1 jedine\u010dn\u00fa kombin\u00e1ciu chut\u00ed a jemn\u00fd charakter.<\/p>\n<p>&nbsp;<\/p>\n<div  class='avia-icon-list-container av-2x98u8-eb668fee95a6169d4aa329694a3574bd  avia-builder-el-0  avia-builder-el-no-sibling '><ul class='avia-icon-list avia_animate_when_almost_visible avia-icon-list-left av-iconlist-big av-2x98u8-eb668fee95a6169d4aa329694a3574bd avia-iconlist-animate'>\n<li><div class='iconlist_icon av-lyrm9k8h-684de944ecb230ec3427e9d83aeba19e avia-font-kave-font'><span class='iconlist-char' aria-hidden='true' data-av_icon='\ue806' data-av_iconfont='kave-font'><\/span><\/div><article class=\"article-icon-entry \"  itemscope=\"itemscope\" itemtype=\"https:\/\/schema.org\/CreativeWork\" ><div class=\"iconlist_content_wrap\"><header class=\"entry-content-header\"><h3 class='av_iconlist_title iconlist_title  '  itemprop=\"headline\" >Kvalita<\/h3><\/header><div class='iconlist_content '  itemprop=\"text\" ><p>Zrnk\u00e1 kolumbijskej k\u00e1vy Huila, eti\u00f3pskej k\u00e1vy Ka\ufb00a a indon\u00e9zskej k\u00e1vy Gayo Belangi maj\u00fa jednotlivo pozoruhodn\u00fa kvalitu. K\u00e1va Mystique Press Symphony sp\u00e1ja tieto v\u00fdnimo\u010dn\u00e9 vlastnosti, aby priniesla vysok\u00fd p\u00f4\u017eitok z ka\u017ed\u00e9ho d\u00fa\u0161ku.<\/p>\n<\/div><\/div><footer class=\"entry-footer\"><\/footer><\/article><div class=\"iconlist-timeline\"><\/div><\/li>\n<li><div class='iconlist_icon av-lyrm9k8h-5-a4e87f81eebe047637f70bcad58e89d5 avia-font-kave-font'><span class='iconlist-char' aria-hidden='true' data-av_icon='\ue806' data-av_iconfont='kave-font'><\/span><\/div><article class=\"article-icon-entry \"  itemscope=\"itemscope\" itemtype=\"https:\/\/schema.org\/CreativeWork\" ><div class=\"iconlist_content_wrap\"><header class=\"entry-content-header\"><h3 class='av_iconlist_title iconlist_title  '  itemprop=\"headline\" >Udr\u017eate\u013enos\u0165<\/h3><\/header><div class='iconlist_content '  itemprop=\"text\" ><p>K\u00e1vov\u00e1 zmes je nielen lahodn\u00e1, ale podporuje aj zodpovedn\u00fa v\u00fdrobu. Spolo\u010dnos\u0165 Mystique Press Symphony je z\u00e1stancom udr\u017eate\u013enej produkcie k\u00e1vy, ktor\u00e1 je prospe\u0161n\u00e1 pre \u017eivotn\u00e9 prostredie aj pre komunity pestuj\u00face k\u00e1vu.<\/p>\n<\/div><\/div><footer class=\"entry-footer\"><\/footer><\/article><div class=\"iconlist-timeline\"><\/div><\/li>\n<li><div class='iconlist_icon av-lyrm9k8h-4-b3e04b989fc7730298b8750021660f79 avia-font-kave-font'><span class='iconlist-char' aria-hidden='true' data-av_icon='\ue806' data-av_iconfont='kave-font'><\/span><\/div><article class=\"article-icon-entry \"  itemscope=\"itemscope\" itemtype=\"https:\/\/schema.org\/CreativeWork\" ><div class=\"iconlist_content_wrap\"><header class=\"entry-content-header\"><h3 class='av_iconlist_title iconlist_title  '  itemprop=\"headline\" >Bez GMO<\/h3><\/header><div class='iconlist_content '  itemprop=\"text\" ><p>Mystique Press Symphony neobsahuje GMO. Zlo\u017eky boli starostlivo vybran\u00e9 tak, aby zabezpe\u010dili \u010dist\u00fd a pr\u00edrodn\u00fd z\u00e1\u017eitok z k\u00e1vy bez ak\u00fdchko\u013evek geneticky modifikovan\u00fdch zlo\u017eiek.<\/p>\n<\/div><\/div><footer class=\"entry-footer\"><\/footer><\/article><div class=\"iconlist-timeline\"><\/div><\/li>\n<li><div class='iconlist_icon av-lyrm9k8h-2-e4253e4065a7891f28b14a4bbb614b53 avia-font-kave-font'><span class='iconlist-char' aria-hidden='true' data-av_icon='\ue806' data-av_iconfont='kave-font'><\/span><\/div><article class=\"article-icon-entry \"  itemscope=\"itemscope\" itemtype=\"https:\/\/schema.org\/CreativeWork\" ><div class=\"iconlist_content_wrap\"><header class=\"entry-content-header\"><h3 class='av_iconlist_title iconlist_title  '  itemprop=\"headline\" >Odpor\u00fa\u010danie<\/h3><\/header><div class='iconlist_content '  itemprop=\"text\" ><p>K\u00e1va je vhodn\u00e1 na pestovanie, ale aj na pr\u00edpravu k\u00e1vy:<\/p>\n<p>Ponorte sa do symf\u00f3nie chut\u00ed s k\u00e1vou Mystique Press Symphony. T\u00e1to k\u00e1va je ur\u010den\u00e1 pre t\u00fdch, ktor\u00ed miluj\u00fa rozmanit\u00e9 chute a oce\u0148uj\u00fa rozmanitos\u0165 k\u00e1vovej kult\u00fary. Objavte jedine\u010dn\u00e9 kombin\u00e1cie k\u00e1v v tejto jedine\u010dnej k\u00e1vovej zmesi!<\/p>\n<\/div><\/div><footer class=\"entry-footer\"><\/footer><\/article><div class=\"iconlist-timeline\"><\/div><\/li>\n<\/ul><\/div>\n<h4>K\u013e\u00fa\u010dov\u00e9 chu\u0165ov\u00e9 pozn\u00e1mky<\/h4>\n<p>Korenist\u00e9 biele korenie:<br \/>\nVanilka: \u010dierne korenie, \u010dierne korenie, \u010dierne korenie, \u010dierne korenie, \u010dierne korenie<br \/>\nOvocn\u00e9 t\u00f3ny<br \/>\nTrstinov\u00fd cukor<br \/>\n\u013dahk\u00e1, pomaran\u010dov\u00e1 svie\u017eos\u0165<\/p>\n","protected":false},"excerpt":{"rendered":"<p>French Press, zn\u00e1my aj ako piestov\u00fd k\u00e1vovar, ur\u010den\u00fd pre pou\u017e\u00edvate\u013eov<\/p>\n","protected":false},"featured_media":1665,"comment_status":"open","ping_status":"closed","template":"","meta":{"inline_featured_image":false},"product_brand":[],"product_cat":[98],"product_tag":[],"class_list":{"0":"post-1349","1":"product","2":"type-product","3":"status-publish","4":"has-post-thumbnail","6":"product_cat-kavy","8":"first","9":"instock","10":"shipping-taxable","11":"purchasable","12":"product-type-variable"},"yoast_head":"<!-- This site is optimized with the Yoast SEO plugin v27.5 - https:\/\/yoast.com\/product\/yoast-seo-wordpress\/ -->\n<title>Mystique Press Symphony - K\u00e1v\u00e9 Mystique<\/title>\n<meta name=\"robots\" content=\"index, follow, max-snippet:-1, max-image-preview:large, max-video-preview:-1\" \/>\n<link rel=\"canonical\" href=\"https:\/\/kavemystique.com\/sk\/produkt\/mystique-press-symphony\/\" \/>\n<meta property=\"og:locale\" content=\"sk_SK\" \/>\n<meta property=\"og:type\" content=\"article\" \/>\n<meta property=\"og:title\" content=\"Mystique Press Symphony - K\u00e1v\u00e9 Mystique\" \/>\n<meta property=\"og:description\" content=\"French Press, zn\u00e1my aj ako piestov\u00fd k\u00e1vovar, ur\u010den\u00fd pre pou\u017e\u00edvate\u013eov\" \/>\n<meta property=\"og:url\" content=\"https:\/\/kavemystique.com\/sk\/produkt\/mystique-press-symphony\/\" \/>\n<meta property=\"og:site_name\" content=\"K\u00e1v\u00e9 Mystique\" \/>\n<meta property=\"article:modified_time\" content=\"2024-09-13T14:09:58+00:00\" \/>\n<meta property=\"og:image\" content=\"https:\/\/kavemystique.com\/wp-content\/uploads\/2024\/07\/press_symphony.jpg\" \/>\n\t<meta property=\"og:image:width\" content=\"1200\" \/>\n\t<meta property=\"og:image:height\" content=\"1200\" \/>\n\t<meta property=\"og:image:type\" content=\"image\/jpeg\" \/>\n<meta name=\"twitter:card\" content=\"summary_large_image\" \/>\n<meta name=\"twitter:label1\" content=\"Predpokladan\u00fd \u010das \u010d\u00edtania\" \/>\n\t<meta name=\"twitter:data1\" content=\"3 min\u00faty\" \/>\n<script type=\"application\/ld+json\" class=\"yoast-schema-graph\">{\"@context\":\"https:\\\/\\\/schema.org\",\"@graph\":[{\"@type\":\"WebPage\",\"@id\":\"https:\\\/\\\/kavemystique.com\\\/sk\\\/produkt\\\/mystique-press-symphony\\\/\",\"url\":\"https:\\\/\\\/kavemystique.com\\\/sk\\\/produkt\\\/mystique-press-symphony\\\/\",\"name\":\"Mystique Press Symphony - K\u00e1v\u00e9 Mystique\",\"isPartOf\":{\"@id\":\"https:\\\/\\\/kavemystique.com\\\/#website\"},\"primaryImageOfPage\":{\"@id\":\"https:\\\/\\\/kavemystique.com\\\/sk\\\/produkt\\\/mystique-press-symphony\\\/#primaryimage\"},\"image\":{\"@id\":\"https:\\\/\\\/kavemystique.com\\\/sk\\\/produkt\\\/mystique-press-symphony\\\/#primaryimage\"},\"thumbnailUrl\":\"https:\\\/\\\/kavemystique.com\\\/wp-content\\\/uploads\\\/2024\\\/07\\\/press_symphony.jpg\",\"datePublished\":\"2024-07-20T10:59:01+00:00\",\"dateModified\":\"2024-09-13T14:09:58+00:00\",\"breadcrumb\":{\"@id\":\"https:\\\/\\\/kavemystique.com\\\/sk\\\/produkt\\\/mystique-press-symphony\\\/#breadcrumb\"},\"inLanguage\":\"sk-SK\",\"potentialAction\":[{\"@type\":\"ReadAction\",\"target\":[\"https:\\\/\\\/kavemystique.com\\\/sk\\\/produkt\\\/mystique-press-symphony\\\/\"]}]},{\"@type\":\"ImageObject\",\"inLanguage\":\"sk-SK\",\"@id\":\"https:\\\/\\\/kavemystique.com\\\/sk\\\/produkt\\\/mystique-press-symphony\\\/#primaryimage\",\"url\":\"https:\\\/\\\/kavemystique.com\\\/wp-content\\\/uploads\\\/2024\\\/07\\\/press_symphony.jpg\",\"contentUrl\":\"https:\\\/\\\/kavemystique.com\\\/wp-content\\\/uploads\\\/2024\\\/07\\\/press_symphony.jpg\",\"width\":1200,\"height\":1200,\"caption\":\"Press symphony\"},{\"@type\":\"BreadcrumbList\",\"@id\":\"https:\\\/\\\/kavemystique.com\\\/sk\\\/produkt\\\/mystique-press-symphony\\\/#breadcrumb\",\"itemListElement\":[{\"@type\":\"ListItem\",\"position\":1,\"name\":\"Kezd\u0151lap\",\"item\":\"https:\\\/\\\/kavemystique.com\\\/sk\\\/\"},{\"@type\":\"ListItem\",\"position\":2,\"name\":\"Webshop\",\"item\":\"https:\\\/\\\/kavemystique.com\\\/webshop\\\/\"},{\"@type\":\"ListItem\",\"position\":3,\"name\":\"Mystique Press Symphony\"}]},{\"@type\":\"WebSite\",\"@id\":\"https:\\\/\\\/kavemystique.com\\\/#website\",\"url\":\"https:\\\/\\\/kavemystique.com\\\/\",\"name\":\"K\u00e1v\u00e9 Mystique\",\"description\":\"\",\"potentialAction\":[{\"@type\":\"SearchAction\",\"target\":{\"@type\":\"EntryPoint\",\"urlTemplate\":\"https:\\\/\\\/kavemystique.com\\\/?s={search_term_string}\"},\"query-input\":{\"@type\":\"PropertyValueSpecification\",\"valueRequired\":true,\"valueName\":\"search_term_string\"}}],\"inLanguage\":\"sk-SK\"}]}<\/script>\n<!-- \/ Yoast SEO plugin. -->","yoast_head_json":{"title":"Mystique Press Symphony - K\u00e1v\u00e9 Mystique","robots":{"index":"index","follow":"follow","max-snippet":"max-snippet:-1","max-image-preview":"max-image-preview:large","max-video-preview":"max-video-preview:-1"},"canonical":"https:\/\/kavemystique.com\/sk\/produkt\/mystique-press-symphony\/","og_locale":"sk_SK","og_type":"article","og_title":"Mystique Press Symphony - K\u00e1v\u00e9 Mystique","og_description":"French Press, zn\u00e1my aj ako piestov\u00fd k\u00e1vovar, ur\u010den\u00fd pre pou\u017e\u00edvate\u013eov","og_url":"https:\/\/kavemystique.com\/sk\/produkt\/mystique-press-symphony\/","og_site_name":"K\u00e1v\u00e9 Mystique","article_modified_time":"2024-09-13T14:09:58+00:00","og_image":[{"width":1200,"height":1200,"url":"https:\/\/kavemystique.com\/wp-content\/uploads\/2024\/07\/press_symphony.jpg","type":"image\/jpeg"}],"twitter_card":"summary_large_image","twitter_misc":{"Predpokladan\u00fd \u010das \u010d\u00edtania":"3 min\u00faty"},"schema":{"@context":"https:\/\/schema.org","@graph":[{"@type":"WebPage","@id":"https:\/\/kavemystique.com\/sk\/produkt\/mystique-press-symphony\/","url":"https:\/\/kavemystique.com\/sk\/produkt\/mystique-press-symphony\/","name":"Mystique Press Symphony - K\u00e1v\u00e9 Mystique","isPartOf":{"@id":"https:\/\/kavemystique.com\/#website"},"primaryImageOfPage":{"@id":"https:\/\/kavemystique.com\/sk\/produkt\/mystique-press-symphony\/#primaryimage"},"image":{"@id":"https:\/\/kavemystique.com\/sk\/produkt\/mystique-press-symphony\/#primaryimage"},"thumbnailUrl":"https:\/\/kavemystique.com\/wp-content\/uploads\/2024\/07\/press_symphony.jpg","datePublished":"2024-07-20T10:59:01+00:00","dateModified":"2024-09-13T14:09:58+00:00","breadcrumb":{"@id":"https:\/\/kavemystique.com\/sk\/produkt\/mystique-press-symphony\/#breadcrumb"},"inLanguage":"sk-SK","potentialAction":[{"@type":"ReadAction","target":["https:\/\/kavemystique.com\/sk\/produkt\/mystique-press-symphony\/"]}]},{"@type":"ImageObject","inLanguage":"sk-SK","@id":"https:\/\/kavemystique.com\/sk\/produkt\/mystique-press-symphony\/#primaryimage","url":"https:\/\/kavemystique.com\/wp-content\/uploads\/2024\/07\/press_symphony.jpg","contentUrl":"https:\/\/kavemystique.com\/wp-content\/uploads\/2024\/07\/press_symphony.jpg","width":1200,"height":1200,"caption":"Press symphony"},{"@type":"BreadcrumbList","@id":"https:\/\/kavemystique.com\/sk\/produkt\/mystique-press-symphony\/#breadcrumb","itemListElement":[{"@type":"ListItem","position":1,"name":"Kezd\u0151lap","item":"https:\/\/kavemystique.com\/sk\/"},{"@type":"ListItem","position":2,"name":"Webshop","item":"https:\/\/kavemystique.com\/webshop\/"},{"@type":"ListItem","position":3,"name":"Mystique Press Symphony"}]},{"@type":"WebSite","@id":"https:\/\/kavemystique.com\/#website","url":"https:\/\/kavemystique.com\/","name":"K\u00e1v\u00e9 Mystique","description":"","potentialAction":[{"@type":"SearchAction","target":{"@type":"EntryPoint","urlTemplate":"https:\/\/kavemystique.com\/?s={search_term_string}"},"query-input":{"@type":"PropertyValueSpecification","valueRequired":true,"valueName":"search_term_string"}}],"inLanguage":"sk-SK"}]}},"_links":{"self":[{"href":"https:\/\/kavemystique.com\/sk\/wp-json\/wp\/v2\/product\/1349","targetHints":{"allow":["GET"]}}],"collection":[{"href":"https:\/\/kavemystique.com\/sk\/wp-json\/wp\/v2\/product"}],"about":[{"href":"https:\/\/kavemystique.com\/sk\/wp-json\/wp\/v2\/types\/product"}],"replies":[{"embeddable":true,"href":"https:\/\/kavemystique.com\/sk\/wp-json\/wp\/v2\/comments?post=1349"}],"wp:featuredmedia":[{"embeddable":true,"href":"https:\/\/kavemystique.com\/sk\/wp-json\/wp\/v2\/media\/1665"}],"wp:attachment":[{"href":"https:\/\/kavemystique.com\/sk\/wp-json\/wp\/v2\/media?parent=1349"}],"wp:term":[{"taxonomy":"product_brand","embeddable":true,"href":"https:\/\/kavemystique.com\/sk\/wp-json\/wp\/v2\/product_brand?post=1349"},{"taxonomy":"product_cat","embeddable":true,"href":"https:\/\/kavemystique.com\/sk\/wp-json\/wp\/v2\/product_cat?post=1349"},{"taxonomy":"product_tag","embeddable":true,"href":"https:\/\/kavemystique.com\/sk\/wp-json\/wp\/v2\/product_tag?post=1349"}],"curies":[{"name":"wp","href":"https:\/\/api.w.org\/{rel}","templated":true}]}}