{"id":1880,"date":"2024-07-30T17:58:41","date_gmt":"2024-07-30T15:58:41","guid":{"rendered":"https:\/\/kavemystique.com\/legy-a-partnerunk\/"},"modified":"2024-08-16T11:08:49","modified_gmt":"2024-08-16T09:08:49","slug":"partnerstvo","status":"publish","type":"page","link":"https:\/\/kavemystique.com\/sk\/partnerstvo\/","title":{"rendered":"Partnerstvo"},"content":{"rendered":"<div id='av_section_1'  class='avia-section av-m2sf6-f85f02063a4a24467206d25560af911e main_color avia-section-default avia-no-border-styling  avia-builder-el-0  avia-builder-el-no-sibling  avia-bg-style-scroll container_wrap fullsize'  ><div class='container av-section-cont-open' ><main  role=\"main\" itemprop=\"mainContentOfPage\"  class='template-page content  av-content-full alpha units'><div class='post-entry post-entry-type-page post-entry-1880'><div class='entry-content-wrapper clearfix'>\n<div  class='flex_column av-4utz3m-5796c98466a4580de616fdeb46d2923d av_one_half  avia-builder-el-1  el_before_av_one_half  avia-builder-el-first  first flex_column_div  '     ><p>\n<style type=\"text\/css\" data-created_by=\"avia_inline_auto\" id=\"style-css-av-lz75c35k-5ef6b55ae547aecd7fcf2d071e458bc3\">\n#top .av-special-heading.av-lz75c35k-5ef6b55ae547aecd7fcf2d071e458bc3{\npadding-bottom:10px;\n}\nbody .av-special-heading.av-lz75c35k-5ef6b55ae547aecd7fcf2d071e458bc3 .av-special-heading-tag .heading-char{\nfont-size:25px;\n}\n.av-special-heading.av-lz75c35k-5ef6b55ae547aecd7fcf2d071e458bc3 .av-subheading{\nfont-size:15px;\n}\n<\/style>\n<div  class='av-special-heading av-lz75c35k-5ef6b55ae547aecd7fcf2d071e458bc3 av-special-heading-h1 blockquote modern-quote  avia-builder-el-2  el_before_av_hr  avia-builder-el-first '><h1 class='av-special-heading-tag'  itemprop=\"headline\"  >Sta\u0148 sa na\u0161\u00edm partnerom!<\/h1><div class=\"special-heading-border\"><div class=\"special-heading-inner-border\"><\/div><\/div><\/div><br \/>\n\n<style type=\"text\/css\" data-created_by=\"avia_inline_auto\" id=\"style-css-av-lz75eeeq-d14e251708465aee88636408c9adb8e7\">\n#top .hr.hr-invisible.av-lz75eeeq-d14e251708465aee88636408c9adb8e7{\nheight:50px;\n}\n<\/style>\n<div  class='hr av-lz75eeeq-d14e251708465aee88636408c9adb8e7 hr-invisible  avia-builder-el-3  el_after_av_heading  el_before_av_textblock '><span class='hr-inner '><span class=\"hr-inner-style\"><\/span><\/span><\/div><br \/>\n<section  class='av_textblock_section av-lz75d6zk-8114ca2cb01250aeb5e36bc249998000 '   itemscope=\"itemscope\" itemtype=\"https:\/\/schema.org\/CreativeWork\" ><div class='avia_textblock'  itemprop=\"text\" ><p>Ultricies turpis amet ultricies aliquet porttitor pulvinar. Tortor viverra integer vivamus semper porttitor vitae laoreet. Eu elit enim mi dictum neque scelerisque ullamcorper etiam vel. Odio purus id duis risus morbi volutpat nulla.<\/p>\n<\/div><\/section><br \/>\n\n<style type=\"text\/css\" data-created_by=\"avia_inline_auto\" id=\"style-css-av-lz8ljzda-6e906602a245426e1f4e8cb40b758702\">\n#top .av-special-heading.av-lz8ljzda-6e906602a245426e1f4e8cb40b758702{\npadding-bottom:10px;\n}\nbody .av-special-heading.av-lz8ljzda-6e906602a245426e1f4e8cb40b758702 .av-special-heading-tag .heading-char{\nfont-size:25px;\n}\n.av-special-heading.av-lz8ljzda-6e906602a245426e1f4e8cb40b758702 .av-subheading{\nfont-size:15px;\n}\n<\/style>\n<div  class='av-special-heading av-lz8ljzda-6e906602a245426e1f4e8cb40b758702 av-special-heading-h2 blockquote modern-quote  avia-builder-el-5  el_after_av_textblock  el_before_av_partner '><h2 class='av-special-heading-tag'  itemprop=\"headline\"  >Partnereink<\/h2><div class=\"special-heading-border\"><div class=\"special-heading-inner-border\"><\/div><\/div><\/div><br \/>\n\n<style type=\"text\/css\" data-created_by=\"avia_inline_auto\" id=\"style-css-av-lz8ln1lj-9833c93a4dec1ed87c1fc2e658f00b19\">\n.avia-logo-element-container.av-lz8ln1lj-9833c93a4dec1ed87c1fc2e658f00b19 .av-partner-fake-img{\nbackground-size:cover;\n}\n<\/style>\n<div  class='avia-logo-element-container av-lz8ln1lj-9833c93a4dec1ed87c1fc2e658f00b19 avia-logo-slider avia-content-slider avia-smallarrow-slider avia-content-slider-active noHover avia-content-slider-even  avia-builder-el-6  el_after_av_heading  avia-builder-el-last  av-slideshow-ui av-control-default av-nav-arrows-visible av-nav-dots-visible av-no-slider-navigation av-slideshow-manual av-loop-once av-loop-manual-endless avia-content-slider1' data-slideshow-options=\"{&quot;animation&quot;:&quot;slide&quot;,&quot;autoplay&quot;:false,&quot;loop_autoplay&quot;:&quot;once&quot;,&quot;interval&quot;:5,&quot;loop_manual&quot;:&quot;manual-endless&quot;,&quot;autoplay_stopper&quot;:false,&quot;noNavigation&quot;:false,&quot;bg_slider&quot;:false,&quot;keep_padding&quot;:&quot;&quot;,&quot;hoverpause&quot;:false,&quot;show_slide_delay&quot;:0}\"><div class='avia-smallarrow-slider-heading  no-logo-slider-heading '><div class='new-special-heading'>&nbsp;<\/div><\/div><div class=\"avia-content-slider-inner\"><div class=\"slide-entry-wrap\"><div  class='slide-entry av-21paf1-048424d6b1f805966a582e37d7c4af3f flex_column no_margin av_one_half real-thumbnail post-entry slide-entry-overview slide-loop-1 slide-parity-odd post-entry-last first'><a href=\"https:\/\/www.chocoleaf.hu\/\" data-rel='slide-1' class='slide-image' title='' target=\"_blank\" rel=\"noopener noreferrer\"><span class='av-partner-fake-img' style='padding-bottom:31.024096385542%; background-image:url(https:\/\/kavemystique.com\/wp-content\/uploads\/2024\/08\/Logo-cream.webp);'><\/span><\/a><\/div><\/div><\/div><\/div><\/p><\/div><div  class='flex_column av-21mpoy-d7349cfd2f283569ed3ae541e6c7e341 av_one_half  avia-builder-el-7  el_after_av_one_half  avia-builder-el-last  flex_column_div  '     ><p>\n<style type=\"text\/css\" data-created_by=\"avia_inline_auto\" id=\"style-css-av-lz8lsx7j-148d2085e2e02f625496af752842fe0a\">\n#top .av-special-heading.av-lz8lsx7j-148d2085e2e02f625496af752842fe0a{\npadding-bottom:10px;\n}\nbody .av-special-heading.av-lz8lsx7j-148d2085e2e02f625496af752842fe0a .av-special-heading-tag .heading-char{\nfont-size:25px;\n}\n.av-special-heading.av-lz8lsx7j-148d2085e2e02f625496af752842fe0a .av-subheading{\nfont-size:15px;\n}\n<\/style>\n<div  class='av-special-heading av-lz8lsx7j-148d2085e2e02f625496af752842fe0a av-special-heading-h3 blockquote modern-quote  avia-builder-el-8  el_before_av_hr  avia-builder-el-first '><h3 class='av-special-heading-tag'  itemprop=\"headline\"  >Vedd fel velem a kapcsolatot!<\/h3><div class=\"special-heading-border\"><div class=\"special-heading-inner-border\"><\/div><\/div><\/div><br \/>\n\n<style type=\"text\/css\" data-created_by=\"avia_inline_auto\" id=\"style-css-av-283wvx-6145d706d35502310a5cf75378aa5dd1\">\n#top .hr.hr-invisible.av-283wvx-6145d706d35502310a5cf75378aa5dd1{\nheight:50px;\n}\n<\/style>\n<div  class='hr av-283wvx-6145d706d35502310a5cf75378aa5dd1 hr-invisible  avia-builder-el-9  el_after_av_heading  el_before_av_codeblock '><span class='hr-inner '><span class=\"hr-inner-style\"><\/span><\/span><\/div><br \/>\n<\/p><\/div>\n","protected":false},"excerpt":{"rendered":"","protected":false},"author":1,"featured_media":0,"parent":0,"menu_order":0,"comment_status":"closed","ping_status":"closed","template":"","meta":{"inline_featured_image":false,"footnotes":""},"class_list":["post-1880","page","type-page","status-publish","hentry"],"yoast_head":"<!-- This site is optimized with the Yoast SEO plugin v27.5 - https:\/\/yoast.com\/product\/yoast-seo-wordpress\/ -->\n<title>Partnerstvo - K\u00e1v\u00e9 Mystique<\/title>\n<meta name=\"robots\" content=\"index, follow, max-snippet:-1, max-image-preview:large, max-video-preview:-1\" \/>\n<link rel=\"canonical\" href=\"https:\/\/kavemystique.com\/legy-a-partnerunk\/\" \/>\n<meta property=\"og:locale\" content=\"sk_SK\" \/>\n<meta property=\"og:type\" content=\"article\" \/>\n<meta property=\"og:title\" content=\"Partnerstvo - K\u00e1v\u00e9 Mystique\" \/>\n<meta property=\"og:url\" content=\"https:\/\/kavemystique.com\/legy-a-partnerunk\/\" \/>\n<meta property=\"og:site_name\" content=\"K\u00e1v\u00e9 Mystique\" \/>\n<meta property=\"article:modified_time\" content=\"2024-08-16T09:08:49+00:00\" \/>\n<meta name=\"twitter:card\" content=\"summary_large_image\" \/>\n<meta name=\"twitter:label1\" content=\"Predpokladan\u00fd \u010das \u010d\u00edtania\" \/>\n\t<meta name=\"twitter:data1\" content=\"11 min\u00fat\" \/>\n<script type=\"application\/ld+json\" class=\"yoast-schema-graph\">{\"@context\":\"https:\\\/\\\/schema.org\",\"@graph\":[{\"@type\":\"WebPage\",\"@id\":\"https:\\\/\\\/kavemystique.com\\\/legy-a-partnerunk\\\/\",\"url\":\"https:\\\/\\\/kavemystique.com\\\/legy-a-partnerunk\\\/\",\"name\":\"Partnerstvo - K\u00e1v\u00e9 Mystique\",\"isPartOf\":{\"@id\":\"https:\\\/\\\/kavemystique.com\\\/#website\"},\"datePublished\":\"2024-07-30T15:58:41+00:00\",\"dateModified\":\"2024-08-16T09:08:49+00:00\",\"breadcrumb\":{\"@id\":\"https:\\\/\\\/kavemystique.com\\\/legy-a-partnerunk\\\/#breadcrumb\"},\"inLanguage\":\"sk-SK\",\"potentialAction\":[{\"@type\":\"ReadAction\",\"target\":[\"https:\\\/\\\/kavemystique.com\\\/legy-a-partnerunk\\\/\"]}]},{\"@type\":\"BreadcrumbList\",\"@id\":\"https:\\\/\\\/kavemystique.com\\\/legy-a-partnerunk\\\/#breadcrumb\",\"itemListElement\":[{\"@type\":\"ListItem\",\"position\":1,\"name\":\"Kezd\u0151lap\",\"item\":\"https:\\\/\\\/kavemystique.com\\\/sk\\\/\"},{\"@type\":\"ListItem\",\"position\":2,\"name\":\"Partnerstvo\"}]},{\"@type\":\"WebSite\",\"@id\":\"https:\\\/\\\/kavemystique.com\\\/#website\",\"url\":\"https:\\\/\\\/kavemystique.com\\\/\",\"name\":\"K\u00e1v\u00e9 Mystique\",\"description\":\"\",\"potentialAction\":[{\"@type\":\"SearchAction\",\"target\":{\"@type\":\"EntryPoint\",\"urlTemplate\":\"https:\\\/\\\/kavemystique.com\\\/?s={search_term_string}\"},\"query-input\":{\"@type\":\"PropertyValueSpecification\",\"valueRequired\":true,\"valueName\":\"search_term_string\"}}],\"inLanguage\":\"sk-SK\"}]}<\/script>\n<!-- \/ Yoast SEO plugin. -->","yoast_head_json":{"title":"Partnerstvo - K\u00e1v\u00e9 Mystique","robots":{"index":"index","follow":"follow","max-snippet":"max-snippet:-1","max-image-preview":"max-image-preview:large","max-video-preview":"max-video-preview:-1"},"canonical":"https:\/\/kavemystique.com\/legy-a-partnerunk\/","og_locale":"sk_SK","og_type":"article","og_title":"Partnerstvo - K\u00e1v\u00e9 Mystique","og_url":"https:\/\/kavemystique.com\/legy-a-partnerunk\/","og_site_name":"K\u00e1v\u00e9 Mystique","article_modified_time":"2024-08-16T09:08:49+00:00","twitter_card":"summary_large_image","twitter_misc":{"Predpokladan\u00fd \u010das \u010d\u00edtania":"11 min\u00fat"},"schema":{"@context":"https:\/\/schema.org","@graph":[{"@type":"WebPage","@id":"https:\/\/kavemystique.com\/legy-a-partnerunk\/","url":"https:\/\/kavemystique.com\/legy-a-partnerunk\/","name":"Partnerstvo - K\u00e1v\u00e9 Mystique","isPartOf":{"@id":"https:\/\/kavemystique.com\/#website"},"datePublished":"2024-07-30T15:58:41+00:00","dateModified":"2024-08-16T09:08:49+00:00","breadcrumb":{"@id":"https:\/\/kavemystique.com\/legy-a-partnerunk\/#breadcrumb"},"inLanguage":"sk-SK","potentialAction":[{"@type":"ReadAction","target":["https:\/\/kavemystique.com\/legy-a-partnerunk\/"]}]},{"@type":"BreadcrumbList","@id":"https:\/\/kavemystique.com\/legy-a-partnerunk\/#breadcrumb","itemListElement":[{"@type":"ListItem","position":1,"name":"Kezd\u0151lap","item":"https:\/\/kavemystique.com\/sk\/"},{"@type":"ListItem","position":2,"name":"Partnerstvo"}]},{"@type":"WebSite","@id":"https:\/\/kavemystique.com\/#website","url":"https:\/\/kavemystique.com\/","name":"K\u00e1v\u00e9 Mystique","description":"","potentialAction":[{"@type":"SearchAction","target":{"@type":"EntryPoint","urlTemplate":"https:\/\/kavemystique.com\/?s={search_term_string}"},"query-input":{"@type":"PropertyValueSpecification","valueRequired":true,"valueName":"search_term_string"}}],"inLanguage":"sk-SK"}]}},"_links":{"self":[{"href":"https:\/\/kavemystique.com\/sk\/wp-json\/wp\/v2\/pages\/1880","targetHints":{"allow":["GET"]}}],"collection":[{"href":"https:\/\/kavemystique.com\/sk\/wp-json\/wp\/v2\/pages"}],"about":[{"href":"https:\/\/kavemystique.com\/sk\/wp-json\/wp\/v2\/types\/page"}],"author":[{"embeddable":true,"href":"https:\/\/kavemystique.com\/sk\/wp-json\/wp\/v2\/users\/1"}],"replies":[{"embeddable":true,"href":"https:\/\/kavemystique.com\/sk\/wp-json\/wp\/v2\/comments?post=1880"}],"version-history":[{"count":5,"href":"https:\/\/kavemystique.com\/sk\/wp-json\/wp\/v2\/pages\/1880\/revisions"}],"predecessor-version":[{"id":2552,"href":"https:\/\/kavemystique.com\/sk\/wp-json\/wp\/v2\/pages\/1880\/revisions\/2552"}],"wp:attachment":[{"href":"https:\/\/kavemystique.com\/sk\/wp-json\/wp\/v2\/media?parent=1880"}],"curies":[{"name":"wp","href":"https:\/\/api.w.org\/{rel}","templated":true}]}}