{"id":1762,"date":"2024-07-29T17:32:04","date_gmt":"2024-07-29T15:32:04","guid":{"rendered":"https:\/\/kavemystique.com\/adomanyozas\/"},"modified":"2024-11-01T15:07:37","modified_gmt":"2024-11-01T14:07:37","slug":"darcovstvo","status":"publish","type":"page","link":"https:\/\/kavemystique.com\/sk\/darcovstvo\/","title":{"rendered":"Darcovstvo"},"content":{"rendered":"<div id='av_section_1'  class='avia-section av-m2sf6-f85f02063a4a24467206d25560af911e main_color avia-section-default avia-no-border-styling  avia-builder-el-0  avia-builder-el-no-sibling  avia-bg-style-scroll container_wrap fullsize'  ><div class='container av-section-cont-open' ><main  role=\"main\" itemprop=\"mainContentOfPage\"  class='template-page content  av-content-full alpha units'><div class='post-entry post-entry-type-page post-entry-1762'><div class='entry-content-wrapper clearfix'>\n<div  class='flex_column av-4utz3m-5796c98466a4580de616fdeb46d2923d av_one_half  avia-builder-el-1  el_before_av_one_half  avia-builder-el-first  first flex_column_div  '     ><p>\n<style type=\"text\/css\" data-created_by=\"avia_inline_auto\" id=\"style-css-av-lz75c35k-285227d71b9bbb6081642d589a60b7cd\">\n#top .av-special-heading.av-lz75c35k-285227d71b9bbb6081642d589a60b7cd{\npadding-bottom:10px;\n}\nbody .av-special-heading.av-lz75c35k-285227d71b9bbb6081642d589a60b7cd .av-special-heading-tag .heading-char{\nfont-size:25px;\n}\n.av-special-heading.av-lz75c35k-285227d71b9bbb6081642d589a60b7cd .av-subheading{\nfont-size:15px;\n}\n<\/style>\n<div  class='av-special-heading av-lz75c35k-285227d71b9bbb6081642d589a60b7cd av-special-heading-h1 blockquote modern-quote  avia-builder-el-2  el_before_av_hr  avia-builder-el-first '><h1 class='av-special-heading-tag'  itemprop=\"headline\"  >Darcovstvo<\/h1><div class=\"special-heading-border\"><div class=\"special-heading-inner-border\"><\/div><\/div><\/div><br \/>\n\n<style type=\"text\/css\" data-created_by=\"avia_inline_auto\" id=\"style-css-av-lz75eeeq-d14e251708465aee88636408c9adb8e7\">\n#top .hr.hr-invisible.av-lz75eeeq-d14e251708465aee88636408c9adb8e7{\nheight:50px;\n}\n<\/style>\n<div  class='hr av-lz75eeeq-d14e251708465aee88636408c9adb8e7 hr-invisible  avia-builder-el-3  el_after_av_heading  el_before_av_textblock '><span class='hr-inner '><span class=\"hr-inner-style\"><\/span><\/span><\/div><br \/>\n<section  class='av_textblock_section av-lz75d6zk-8114ca2cb01250aeb5e36bc249998000 '   itemscope=\"itemscope\" itemtype=\"https:\/\/schema.org\/CreativeWork\" ><div class='avia_textblock'  itemprop=\"text\" ><p>Ultricies turpis amet ultricies aliquet porttitor pulvinar. Tortor viverra integer vivamus semper porttitor vitae laoreet. Eu elit enim mi dictum neque scelerisque ullamcorper etiam vel. Odio purus id duis risus morbi volutpat nulla.<\/p>\n<p>Purus nec at habitant aliquam in neque scelerisque ac. Amet diam ante aliquet ut consectetur tristique dolor placerat lacus. Nulla egestas nunc amet bibendum egestas consectetur orci tincidunt nisl.<\/p>\n<\/div><\/section><br \/>\n\n<style type=\"text\/css\" data-created_by=\"avia_inline_auto\" id=\"style-css-av-m2yt6vjb-cbc0ef35a760140402f048f9d90b0ce9\">\n.avia-image-container.av-m2yt6vjb-cbc0ef35a760140402f048f9d90b0ce9 img.avia_image{\nbox-shadow:none;\n}\n.avia-image-container.av-m2yt6vjb-cbc0ef35a760140402f048f9d90b0ce9 .av-image-caption-overlay-center{\ncolor:#ffffff;\n}\n<\/style>\n<div  class='avia-image-container av-m2yt6vjb-cbc0ef35a760140402f048f9d90b0ce9 av-styling- av-img-linked avia-align-left  avia-builder-el-5  el_after_av_textblock  avia-builder-el-last '   itemprop=\"image\" itemscope=\"itemscope\" itemtype=\"https:\/\/schema.org\/ImageObject\" ><div class=\"avia-image-container-inner\"><div class=\"avia-image-overlay-wrap\"><a href=\"https:\/\/www.adomanybank.hu\/\" class='avia_image ' target=\"_blank\" rel=\"noopener noreferrer\" aria-label='adomany_logo'><img decoding=\"async\" fetchpriority=\"high\" class='wp-image-1242 avia-img-lazy-loading-not-1242 avia_image ' src=\"https:\/\/kavemystique.com\/wp-content\/uploads\/2024\/07\/adomany_logo.jpg\" alt='Adom\u00e1nybank' title='adomany_logo'  height=\"56\" width=\"291\"  itemprop=\"thumbnailUrl\"  \/><\/a><\/div><\/div><\/div><\/p><\/div><div  class='flex_column av-21mpoy-d7349cfd2f283569ed3ae541e6c7e341 av_one_half  avia-builder-el-6  el_after_av_one_half  avia-builder-el-last  flex_column_div  '     ><\/div>\n","protected":false},"excerpt":{"rendered":"","protected":false},"author":1,"featured_media":0,"parent":0,"menu_order":0,"comment_status":"closed","ping_status":"closed","template":"","meta":{"inline_featured_image":false,"footnotes":""},"class_list":["post-1762","page","type-page","status-publish","hentry"],"yoast_head":"<!-- This site is optimized with the Yoast SEO plugin v27.4 - https:\/\/yoast.com\/product\/yoast-seo-wordpress\/ -->\n<title>Darcovstvo - K\u00e1v\u00e9 Mystique<\/title>\n<meta name=\"robots\" content=\"index, follow, max-snippet:-1, max-image-preview:large, max-video-preview:-1\" \/>\n<link rel=\"canonical\" href=\"https:\/\/kavemystique.com\/sk\/darcovstvo\/\" \/>\n<meta property=\"og:locale\" content=\"sk_SK\" \/>\n<meta property=\"og:type\" content=\"article\" \/>\n<meta property=\"og:title\" content=\"Darcovstvo - K\u00e1v\u00e9 Mystique\" \/>\n<meta property=\"og:url\" content=\"https:\/\/kavemystique.com\/sk\/darcovstvo\/\" \/>\n<meta property=\"og:site_name\" content=\"K\u00e1v\u00e9 Mystique\" \/>\n<meta property=\"article:modified_time\" content=\"2024-11-01T14:07:37+00:00\" \/>\n<meta name=\"twitter:card\" content=\"summary_large_image\" \/>\n<meta name=\"twitter:label1\" content=\"Predpokladan\u00fd \u010das \u010d\u00edtania\" \/>\n\t<meta name=\"twitter:data1\" content=\"1 min\u00fata\" \/>\n<script type=\"application\/ld+json\" class=\"yoast-schema-graph\">{\"@context\":\"https:\\\/\\\/schema.org\",\"@graph\":[{\"@type\":\"WebPage\",\"@id\":\"https:\\\/\\\/kavemystique.com\\\/sk\\\/darcovstvo\\\/\",\"url\":\"https:\\\/\\\/kavemystique.com\\\/sk\\\/darcovstvo\\\/\",\"name\":\"Darcovstvo - K\u00e1v\u00e9 Mystique\",\"isPartOf\":{\"@id\":\"https:\\\/\\\/kavemystique.com\\\/#website\"},\"datePublished\":\"2024-07-29T15:32:04+00:00\",\"dateModified\":\"2024-11-01T14:07:37+00:00\",\"breadcrumb\":{\"@id\":\"https:\\\/\\\/kavemystique.com\\\/sk\\\/darcovstvo\\\/#breadcrumb\"},\"inLanguage\":\"sk-SK\",\"potentialAction\":[{\"@type\":\"ReadAction\",\"target\":[\"https:\\\/\\\/kavemystique.com\\\/sk\\\/darcovstvo\\\/\"]}]},{\"@type\":\"BreadcrumbList\",\"@id\":\"https:\\\/\\\/kavemystique.com\\\/sk\\\/darcovstvo\\\/#breadcrumb\",\"itemListElement\":[{\"@type\":\"ListItem\",\"position\":1,\"name\":\"Kezd\u0151lap\",\"item\":\"https:\\\/\\\/kavemystique.com\\\/sk\\\/\"},{\"@type\":\"ListItem\",\"position\":2,\"name\":\"Darcovstvo\"}]},{\"@type\":\"WebSite\",\"@id\":\"https:\\\/\\\/kavemystique.com\\\/#website\",\"url\":\"https:\\\/\\\/kavemystique.com\\\/\",\"name\":\"K\u00e1v\u00e9 Mystique\",\"description\":\"\",\"potentialAction\":[{\"@type\":\"SearchAction\",\"target\":{\"@type\":\"EntryPoint\",\"urlTemplate\":\"https:\\\/\\\/kavemystique.com\\\/?s={search_term_string}\"},\"query-input\":{\"@type\":\"PropertyValueSpecification\",\"valueRequired\":true,\"valueName\":\"search_term_string\"}}],\"inLanguage\":\"sk-SK\"}]}<\/script>\n<!-- \/ Yoast SEO plugin. -->","yoast_head_json":{"title":"Darcovstvo - K\u00e1v\u00e9 Mystique","robots":{"index":"index","follow":"follow","max-snippet":"max-snippet:-1","max-image-preview":"max-image-preview:large","max-video-preview":"max-video-preview:-1"},"canonical":"https:\/\/kavemystique.com\/sk\/darcovstvo\/","og_locale":"sk_SK","og_type":"article","og_title":"Darcovstvo - K\u00e1v\u00e9 Mystique","og_url":"https:\/\/kavemystique.com\/sk\/darcovstvo\/","og_site_name":"K\u00e1v\u00e9 Mystique","article_modified_time":"2024-11-01T14:07:37+00:00","twitter_card":"summary_large_image","twitter_misc":{"Predpokladan\u00fd \u010das \u010d\u00edtania":"1 min\u00fata"},"schema":{"@context":"https:\/\/schema.org","@graph":[{"@type":"WebPage","@id":"https:\/\/kavemystique.com\/sk\/darcovstvo\/","url":"https:\/\/kavemystique.com\/sk\/darcovstvo\/","name":"Darcovstvo - K\u00e1v\u00e9 Mystique","isPartOf":{"@id":"https:\/\/kavemystique.com\/#website"},"datePublished":"2024-07-29T15:32:04+00:00","dateModified":"2024-11-01T14:07:37+00:00","breadcrumb":{"@id":"https:\/\/kavemystique.com\/sk\/darcovstvo\/#breadcrumb"},"inLanguage":"sk-SK","potentialAction":[{"@type":"ReadAction","target":["https:\/\/kavemystique.com\/sk\/darcovstvo\/"]}]},{"@type":"BreadcrumbList","@id":"https:\/\/kavemystique.com\/sk\/darcovstvo\/#breadcrumb","itemListElement":[{"@type":"ListItem","position":1,"name":"Kezd\u0151lap","item":"https:\/\/kavemystique.com\/sk\/"},{"@type":"ListItem","position":2,"name":"Darcovstvo"}]},{"@type":"WebSite","@id":"https:\/\/kavemystique.com\/#website","url":"https:\/\/kavemystique.com\/","name":"K\u00e1v\u00e9 Mystique","description":"","potentialAction":[{"@type":"SearchAction","target":{"@type":"EntryPoint","urlTemplate":"https:\/\/kavemystique.com\/?s={search_term_string}"},"query-input":{"@type":"PropertyValueSpecification","valueRequired":true,"valueName":"search_term_string"}}],"inLanguage":"sk-SK"}]}},"_links":{"self":[{"href":"https:\/\/kavemystique.com\/sk\/wp-json\/wp\/v2\/pages\/1762","targetHints":{"allow":["GET"]}}],"collection":[{"href":"https:\/\/kavemystique.com\/sk\/wp-json\/wp\/v2\/pages"}],"about":[{"href":"https:\/\/kavemystique.com\/sk\/wp-json\/wp\/v2\/types\/page"}],"author":[{"embeddable":true,"href":"https:\/\/kavemystique.com\/sk\/wp-json\/wp\/v2\/users\/1"}],"replies":[{"embeddable":true,"href":"https:\/\/kavemystique.com\/sk\/wp-json\/wp\/v2\/comments?post=1762"}],"version-history":[{"count":4,"href":"https:\/\/kavemystique.com\/sk\/wp-json\/wp\/v2\/pages\/1762\/revisions"}],"predecessor-version":[{"id":2508,"href":"https:\/\/kavemystique.com\/sk\/wp-json\/wp\/v2\/pages\/1762\/revisions\/2508"}],"wp:attachment":[{"href":"https:\/\/kavemystique.com\/sk\/wp-json\/wp\/v2\/media?parent=1762"}],"curies":[{"name":"wp","href":"https:\/\/api.w.org\/{rel}","templated":true}]}}