{"id":1437,"date":"2024-07-09T19:16:18","date_gmt":"2024-07-09T17:16:18","guid":{"rendered":"https:\/\/kavemystique.com\/?page_id=1437"},"modified":"2024-07-21T19:50:30","modified_gmt":"2024-07-21T17:50:30","slug":"e-magazin","status":"publish","type":"page","link":"https:\/\/kavemystique.com\/sk\/e-magazin\/","title":{"rendered":"E-magazin"},"content":{"rendered":"\n<style type=\"text\/css\" data-created_by=\"avia_inline_auto\" id=\"style-css-av-av_section-6fc94a2cf9fa10867f947ec925b9f1fd\">\n.avia-section.av-av_section-6fc94a2cf9fa10867f947ec925b9f1fd{\nbackground-color:#f6f5f1;\nbackground-image:unset;\n}\n<\/style>\n<div id='av_section_1'  class='avia-section av-av_section-6fc94a2cf9fa10867f947ec925b9f1fd main_color avia-section-default avia-no-border-styling  avia-builder-el-0  avia-builder-el-no-sibling  avia-bg-style-scroll container_wrap fullsize'  ><div class='container av-section-cont-open' ><main  role=\"main\" itemprop=\"mainContentOfPage\"  class='template-page content  av-content-full alpha units'><div class='post-entry post-entry-type-page post-entry-1437'><div class='entry-content-wrapper clearfix'>\n\n<style type=\"text\/css\" data-created_by=\"avia_inline_auto\" id=\"style-css-av-lyvuss5f-1433cdd817cfaa8c65a4904c8d47193c\">\n#top .av-special-heading.av-lyvuss5f-1433cdd817cfaa8c65a4904c8d47193c{\npadding-bottom:10px;\n}\nbody .av-special-heading.av-lyvuss5f-1433cdd817cfaa8c65a4904c8d47193c .av-special-heading-tag .heading-char{\nfont-size:25px;\n}\n.av-special-heading.av-lyvuss5f-1433cdd817cfaa8c65a4904c8d47193c .av-subheading{\nfont-size:15px;\n}\n<\/style>\n<div  class='av-special-heading av-lyvuss5f-1433cdd817cfaa8c65a4904c8d47193c av-special-heading-h2 blockquote modern-quote  avia-builder-el-1  el_before_av_textblock  avia-builder-el-first '><h2 class='av-special-heading-tag'  itemprop=\"headline\"  >E-Magaz\u00edn<\/h2><div class=\"special-heading-border\"><div class=\"special-heading-inner-border\"><\/div><\/div><\/div>\n<section  class='av_textblock_section av-av_textblock-5d179e2a80e7f99ac14325b81c77510e '   itemscope=\"itemscope\" itemtype=\"https:\/\/schema.org\/CreativeWork\" ><div class='avia_textblock'  itemprop=\"text\" ><p>Non nec mi eu diam. Magnis enim consectetur odio elementum. Est tempus dignissim phasellus amet aenean.<\/p>\n<\/div><\/section>\n<div  data-slideshow-options=\"{&quot;animation&quot;:&quot;fade&quot;,&quot;autoplay&quot;:false,&quot;loop_autoplay&quot;:&quot;once&quot;,&quot;interval&quot;:5,&quot;loop_manual&quot;:&quot;manual-endless&quot;,&quot;autoplay_stopper&quot;:false,&quot;noNavigation&quot;:false,&quot;show_slide_delay&quot;:90}\" class='avia-content-slider avia-content-grid-active avia-content-slider1 avia-content-slider-even  avia-builder-el-3  el_after_av_textblock  avia-builder-el-last  av-slideshow-ui av-control-default   av-no-slider-navigation av-slideshow-manual av-loop-once av-loop-manual-endless '  itemscope=\"itemscope\" itemtype=\"https:\/\/schema.org\/Blog\" ><div class=\"avia-content-slider-inner\"><div class=\"slide-entry-wrap\"><article class='slide-entry flex_column  post-entry post-entry-1461 slide-entry-overview slide-loop-1 slide-parity-odd  av_one_fourth first real-thumbnail posttype-post post-format-standard'  itemscope=\"itemscope\" itemtype=\"https:\/\/schema.org\/CreativeWork\" ><a href='https:\/\/kavemystique.com\/sk\/zmesy-vs-single-origin-kavy-vsetko-co-potrebujete-vediet\/' data-rel='slide-1' class='slide-image' title='Zmesy vs. Single Origin K\u00e1vy: V\u0161etko, \u010co Potrebujete Vedie\u0165'><img decoding=\"async\" fetchpriority=\"high\" width=\"420\" height=\"280\" src=\"https:\/\/kavemystique.com\/wp-content\/uploads\/2024\/07\/singleorigin_vs_blend-420x280_c.webp\" class=\"wp-image-2087 avia-img-lazy-loading-not-2087 attachment-gallery size-gallery wp-post-image\" alt=\"Single Origin\" srcset=\"https:\/\/kavemystique.com\/wp-content\/uploads\/2024\/07\/singleorigin_vs_blend-420x280_c.webp 420w, https:\/\/kavemystique.com\/wp-content\/uploads\/2024\/07\/singleorigin_vs_blend-420x280_c-300x200.webp 300w\" sizes=\"(max-width: 420px) 100vw, 420px\" \/><\/a><div class=\"slide-content\"><header class=\"entry-content-header\"><h3 class='slide-entry-title entry-title '  itemprop=\"headline\" ><a href='https:\/\/kavemystique.com\/sk\/zmesy-vs-single-origin-kavy-vsetko-co-potrebujete-vediet\/' title='Zmesy vs. Single Origin K\u00e1vy: V\u0161etko, \u010co Potrebujete Vedie\u0165'>Zmesy vs. Single Origin K\u00e1vy: V\u0161etko, \u010co Potrebujete Vedie\u0165<\/a><\/h3><span class=\"av-vertical-delimiter\"><\/span><\/header><div class=\"slide-meta\"><time class='slide-meta-time updated'  itemprop=\"datePublished\" datetime=\"2024-07-21T19:48:23+02:00\" >2024.07.21.<\/time><\/div><div class='slide-entry-excerpt entry-content'  itemprop=\"text\" >Spotrebitelia k\u00e1vy s\u00fa \u010doraz n\u00e1ro\u010dnej\u0161\u00ed, a preto sa rozdiel\u2026<div class=\"read-more-link\"><a href=\"https:\/\/kavemystique.com\/sk\/zmesy-vs-single-origin-kavy-vsetko-co-potrebujete-vediet\/\" class=\"more-link\">\u010c\u00edta\u0165 \u010falej<span class=\"more-link-arrow\"><\/span><\/a><\/div><\/div><\/div><footer class=\"entry-footer\"><\/footer><span class='hidden'>\n\t\t\t\t<span class='av-structured-data'  itemprop=\"image\" itemscope=\"itemscope\" itemtype=\"https:\/\/schema.org\/ImageObject\" >\n\t\t\t\t\t\t<span itemprop='url'>https:\/\/kavemystique.com\/wp-content\/uploads\/2024\/07\/singleorigin_vs_blend-420x280_c.webp<\/span>\n\t\t\t\t\t\t<span itemprop='height'>280<\/span>\n\t\t\t\t\t\t<span itemprop='width'>420<\/span>\n\t\t\t\t<\/span>\n\t\t\t\t<span class='av-structured-data'  itemprop=\"publisher\" itemtype=\"https:\/\/schema.org\/Organization\" itemscope=\"itemscope\" >\n\t\t\t\t\t\t<span itemprop='name'>Webark Studio<\/span>\n\t\t\t\t\t\t<span itemprop='logo' itemscope itemtype='https:\/\/schema.org\/ImageObject'>\n\t\t\t\t\t\t\t<span itemprop='url'>https:\/\/kavemystique.com\/wp-content\/uploads\/2024\/08\/logo_sk.svg<\/span>\n\t\t\t\t\t\t<\/span>\n\t\t\t\t<\/span><span class='av-structured-data'  itemprop=\"author\" itemscope=\"itemscope\" itemtype=\"https:\/\/schema.org\/Person\" ><span itemprop='name'>Webark Studio<\/span><\/span><span class='av-structured-data'  itemprop=\"datePublished\" datetime=\"2024-07-09T19:16:18+02:00\" >2024-07-21 19:48:23<\/span><span class='av-structured-data'  itemprop=\"dateModified\" itemtype=\"https:\/\/schema.org\/dateModified\" >2024-10-19 12:08:29<\/span><span class='av-structured-data'  itemprop=\"mainEntityOfPage\" itemtype=\"https:\/\/schema.org\/mainEntityOfPage\" ><span itemprop='name'>Zmesy vs. Single Origin K\u00e1vy: V\u0161etko, \u010co Potrebujete Vedie\u0165<\/span><\/span><\/span><\/article><article class='slide-entry flex_column  post-entry post-entry-1464 slide-entry-overview slide-loop-2 slide-parity-even  av_one_fourth  real-thumbnail posttype-post post-format-standard'  itemscope=\"itemscope\" itemtype=\"https:\/\/schema.org\/CreativeWork\" ><a href='https:\/\/kavemystique.com\/sk\/preco-je-teplota-vody-dolezita-pri-priprave-kavy\/' data-rel='slide-1' class='slide-image' title='Pre\u010do je teplota vody d\u00f4le\u017eit\u00e1 pri pr\u00edprave k\u00e1vy?'><img decoding=\"async\" fetchpriority=\"high\" width=\"420\" height=\"280\" src=\"https:\/\/kavemystique.com\/wp-content\/uploads\/2024\/07\/DALL\u00b7E-2024-02-21-10.01.21-A-photorealistic-image-showcasing-the-process-of-brewing-coffee-using-a-Hario-V60.-The-scene-captures-the-moment-water-is-being-poured-from-a-kettle-i-420x280_c.webp\" class=\"wp-image-2095 avia-img-lazy-loading-not-2095 attachment-gallery size-gallery wp-post-image\" alt=\"Filteres k\u00e1v\u00e9\" srcset=\"https:\/\/kavemystique.com\/wp-content\/uploads\/2024\/07\/DALL\u00b7E-2024-02-21-10.01.21-A-photorealistic-image-showcasing-the-process-of-brewing-coffee-using-a-Hario-V60.-The-scene-captures-the-moment-water-is-being-poured-from-a-kettle-i-420x280_c.webp 420w, https:\/\/kavemystique.com\/wp-content\/uploads\/2024\/07\/DALL\u00b7E-2024-02-21-10.01.21-A-photorealistic-image-showcasing-the-process-of-brewing-coffee-using-a-Hario-V60.-The-scene-captures-the-moment-water-is-being-poured-from-a-kettle-i-420x280_c-300x200.webp 300w\" sizes=\"(max-width: 420px) 100vw, 420px\" \/><\/a><div class=\"slide-content\"><header class=\"entry-content-header\"><h3 class='slide-entry-title entry-title '  itemprop=\"headline\" ><a href='https:\/\/kavemystique.com\/sk\/preco-je-teplota-vody-dolezita-pri-priprave-kavy\/' title='Pre\u010do je teplota vody d\u00f4le\u017eit\u00e1 pri pr\u00edprave k\u00e1vy?'>Pre\u010do je teplota vody d\u00f4le\u017eit\u00e1 pri pr\u00edprave k\u00e1vy?<\/a><\/h3><span class=\"av-vertical-delimiter\"><\/span><\/header><div class=\"slide-meta\"><time class='slide-meta-time updated'  itemprop=\"datePublished\" datetime=\"2024-07-11T17:53:28+02:00\" >2024.07.11.<\/time><\/div><div class='slide-entry-excerpt entry-content'  itemprop=\"text\" >U\u017e ste si niekedy v\u0161imli, \u017ee k\u00e1va, ktor\u00fa si priprav\u00edte\u2026<div class=\"read-more-link\"><a href=\"https:\/\/kavemystique.com\/sk\/preco-je-teplota-vody-dolezita-pri-priprave-kavy\/\" class=\"more-link\">\u010c\u00edta\u0165 \u010falej<span class=\"more-link-arrow\"><\/span><\/a><\/div><\/div><\/div><footer class=\"entry-footer\"><\/footer><span class='hidden'>\n\t\t\t\t<span class='av-structured-data'  itemprop=\"image\" itemscope=\"itemscope\" itemtype=\"https:\/\/schema.org\/ImageObject\" >\n\t\t\t\t\t\t<span itemprop='url'>https:\/\/kavemystique.com\/wp-content\/uploads\/2024\/07\/DALL\u00b7E-2024-02-21-10.01.21-A-photorealistic-image-showcasing-the-process-of-brewing-coffee-using-a-Hario-V60.-The-scene-captures-the-moment-water-is-being-poured-from-a-kettle-i-420x280_c.webp<\/span>\n\t\t\t\t\t\t<span itemprop='height'>280<\/span>\n\t\t\t\t\t\t<span itemprop='width'>420<\/span>\n\t\t\t\t<\/span>\n\t\t\t\t<span class='av-structured-data'  itemprop=\"publisher\" itemtype=\"https:\/\/schema.org\/Organization\" itemscope=\"itemscope\" >\n\t\t\t\t\t\t<span itemprop='name'>Webark Studio<\/span>\n\t\t\t\t\t\t<span itemprop='logo' itemscope itemtype='https:\/\/schema.org\/ImageObject'>\n\t\t\t\t\t\t\t<span itemprop='url'>https:\/\/kavemystique.com\/wp-content\/uploads\/2024\/08\/logo_sk.svg<\/span>\n\t\t\t\t\t\t<\/span>\n\t\t\t\t<\/span><span class='av-structured-data'  itemprop=\"author\" itemscope=\"itemscope\" itemtype=\"https:\/\/schema.org\/Person\" ><span itemprop='name'>Webark Studio<\/span><\/span><span class='av-structured-data'  itemprop=\"datePublished\" datetime=\"2024-07-09T19:16:18+02:00\" >2024-07-11 17:53:28<\/span><span class='av-structured-data'  itemprop=\"dateModified\" itemtype=\"https:\/\/schema.org\/dateModified\" >2024-10-08 21:14:03<\/span><span class='av-structured-data'  itemprop=\"mainEntityOfPage\" itemtype=\"https:\/\/schema.org\/mainEntityOfPage\" ><span itemprop='name'>Pre\u010do je teplota vody d\u00f4le\u017eit\u00e1 pri pr\u00edprave k\u00e1vy?<\/span><\/span><\/span><\/article><article class='slide-entry flex_column  post-entry post-entry-1466 slide-entry-overview slide-loop-3 slide-parity-odd  post-entry-last  av_one_fourth  real-thumbnail posttype-post post-format-standard'  itemscope=\"itemscope\" itemtype=\"https:\/\/schema.org\/CreativeWork\" ><a href='https:\/\/kavemystique.com\/sk\/recyklacia-kavovej-usadeniny-v-zahrade\/' data-rel='slide-1' class='slide-image' title='Praktick\u00fd z\u00e1hradn\u00edcky tip: Recykl\u00e1cia k\u00e1vovej usadeniny v z\u00e1hrade'><img decoding=\"async\" fetchpriority=\"high\" width=\"420\" height=\"280\" src=\"https:\/\/kavemystique.com\/wp-content\/uploads\/2024\/07\/Nevtelen-terv.jpg\" class=\"wp-image-2113 avia-img-lazy-loading-not-2113 attachment-gallery size-gallery wp-post-image\" alt=\"K\u00e1v\u00e9szem\" srcset=\"https:\/\/kavemystique.com\/wp-content\/uploads\/2024\/07\/Nevtelen-terv.jpg 420w, https:\/\/kavemystique.com\/wp-content\/uploads\/2024\/07\/Nevtelen-terv-300x200.jpg 300w\" sizes=\"(max-width: 420px) 100vw, 420px\" \/><\/a><div class=\"slide-content\"><header class=\"entry-content-header\"><h3 class='slide-entry-title entry-title '  itemprop=\"headline\" ><a href='https:\/\/kavemystique.com\/sk\/recyklacia-kavovej-usadeniny-v-zahrade\/' title='Praktick\u00fd z\u00e1hradn\u00edcky tip: Recykl\u00e1cia k\u00e1vovej usadeniny v z\u00e1hrade'>Praktick\u00fd z\u00e1hradn\u00edcky tip: Recykl\u00e1cia k\u00e1vovej usadeniny v z\u00e1hrade<\/a><\/h3><span class=\"av-vertical-delimiter\"><\/span><\/header><div class=\"slide-meta\"><time class='slide-meta-time updated'  itemprop=\"datePublished\" datetime=\"2024-07-11T17:53:07+02:00\" >2024.07.11.<\/time><\/div><div class='slide-entry-excerpt entry-content'  itemprop=\"text\" >K\u00e1vov\u00e1 usadenina je ove\u013ea viac ne\u017e len kuchynsk\u00fd odpad;\u2026<div class=\"read-more-link\"><a href=\"https:\/\/kavemystique.com\/sk\/recyklacia-kavovej-usadeniny-v-zahrade\/\" class=\"more-link\">\u010c\u00edta\u0165 \u010falej<span class=\"more-link-arrow\"><\/span><\/a><\/div><\/div><\/div><footer class=\"entry-footer\"><\/footer><span class='hidden'>\n\t\t\t\t<span class='av-structured-data'  itemprop=\"image\" itemscope=\"itemscope\" itemtype=\"https:\/\/schema.org\/ImageObject\" >\n\t\t\t\t\t\t<span itemprop='url'>https:\/\/kavemystique.com\/wp-content\/uploads\/2024\/07\/Nevtelen-terv.jpg<\/span>\n\t\t\t\t\t\t<span itemprop='height'>280<\/span>\n\t\t\t\t\t\t<span itemprop='width'>420<\/span>\n\t\t\t\t<\/span>\n\t\t\t\t<span class='av-structured-data'  itemprop=\"publisher\" itemtype=\"https:\/\/schema.org\/Organization\" itemscope=\"itemscope\" >\n\t\t\t\t\t\t<span itemprop='name'>Webark Studio<\/span>\n\t\t\t\t\t\t<span itemprop='logo' itemscope itemtype='https:\/\/schema.org\/ImageObject'>\n\t\t\t\t\t\t\t<span itemprop='url'>https:\/\/kavemystique.com\/wp-content\/uploads\/2024\/08\/logo_sk.svg<\/span>\n\t\t\t\t\t\t<\/span>\n\t\t\t\t<\/span><span class='av-structured-data'  itemprop=\"author\" itemscope=\"itemscope\" itemtype=\"https:\/\/schema.org\/Person\" ><span itemprop='name'>Webark Studio<\/span><\/span><span class='av-structured-data'  itemprop=\"datePublished\" datetime=\"2024-07-09T19:16:18+02:00\" >2024-07-11 17:53:07<\/span><span class='av-structured-data'  itemprop=\"dateModified\" itemtype=\"https:\/\/schema.org\/dateModified\" >2024-10-08 21:09:48<\/span><span class='av-structured-data'  itemprop=\"mainEntityOfPage\" itemtype=\"https:\/\/schema.org\/mainEntityOfPage\" ><span itemprop='name'>Praktick\u00fd z\u00e1hradn\u00edcky tip: Recykl\u00e1cia k\u00e1vovej usadeniny v z\u00e1hrade<\/span><\/span><\/span><\/article><\/div><\/div><\/div>\n\n","protected":false},"excerpt":{"rendered":"","protected":false},"author":1,"featured_media":0,"parent":0,"menu_order":0,"comment_status":"closed","ping_status":"closed","template":"","meta":{"inline_featured_image":false,"footnotes":""},"class_list":["post-1437","page","type-page","status-publish","hentry"],"yoast_head":"<!-- This site is optimized with the Yoast SEO plugin v27.4 - https:\/\/yoast.com\/product\/yoast-seo-wordpress\/ -->\n<title>E-magazin - K\u00e1v\u00e9 Mystique<\/title>\n<meta name=\"robots\" content=\"index, follow, max-snippet:-1, max-image-preview:large, max-video-preview:-1\" \/>\n<link rel=\"canonical\" href=\"https:\/\/kavemystique.com\/e-magazin\/\" \/>\n<meta property=\"og:locale\" content=\"sk_SK\" \/>\n<meta property=\"og:type\" content=\"article\" \/>\n<meta property=\"og:title\" content=\"E-magazin - K\u00e1v\u00e9 Mystique\" \/>\n<meta property=\"og:url\" content=\"https:\/\/kavemystique.com\/e-magazin\/\" \/>\n<meta property=\"og:site_name\" content=\"K\u00e1v\u00e9 Mystique\" \/>\n<meta property=\"article:modified_time\" content=\"2024-07-21T17:50:30+00:00\" \/>\n<meta name=\"twitter:card\" content=\"summary_large_image\" \/>\n<meta name=\"twitter:label1\" content=\"Predpokladan\u00fd \u010das \u010d\u00edtania\" \/>\n\t<meta name=\"twitter:data1\" content=\"4 min\u00faty\" \/>\n<script type=\"application\/ld+json\" class=\"yoast-schema-graph\">{\"@context\":\"https:\\\/\\\/schema.org\",\"@graph\":[{\"@type\":\"WebPage\",\"@id\":\"https:\\\/\\\/kavemystique.com\\\/e-magazin\\\/\",\"url\":\"https:\\\/\\\/kavemystique.com\\\/e-magazin\\\/\",\"name\":\"E-magazin - K\u00e1v\u00e9 Mystique\",\"isPartOf\":{\"@id\":\"https:\\\/\\\/kavemystique.com\\\/#website\"},\"datePublished\":\"2024-07-09T17:16:18+00:00\",\"dateModified\":\"2024-07-21T17:50:30+00:00\",\"breadcrumb\":{\"@id\":\"https:\\\/\\\/kavemystique.com\\\/e-magazin\\\/#breadcrumb\"},\"inLanguage\":\"sk-SK\",\"potentialAction\":[{\"@type\":\"ReadAction\",\"target\":[\"https:\\\/\\\/kavemystique.com\\\/e-magazin\\\/\"]}]},{\"@type\":\"BreadcrumbList\",\"@id\":\"https:\\\/\\\/kavemystique.com\\\/e-magazin\\\/#breadcrumb\",\"itemListElement\":[{\"@type\":\"ListItem\",\"position\":1,\"name\":\"Kezd\u0151lap\",\"item\":\"https:\\\/\\\/kavemystique.com\\\/sk\\\/\"},{\"@type\":\"ListItem\",\"position\":2,\"name\":\"E-magazin\"}]},{\"@type\":\"WebSite\",\"@id\":\"https:\\\/\\\/kavemystique.com\\\/#website\",\"url\":\"https:\\\/\\\/kavemystique.com\\\/\",\"name\":\"K\u00e1v\u00e9 Mystique\",\"description\":\"\",\"potentialAction\":[{\"@type\":\"SearchAction\",\"target\":{\"@type\":\"EntryPoint\",\"urlTemplate\":\"https:\\\/\\\/kavemystique.com\\\/?s={search_term_string}\"},\"query-input\":{\"@type\":\"PropertyValueSpecification\",\"valueRequired\":true,\"valueName\":\"search_term_string\"}}],\"inLanguage\":\"sk-SK\"}]}<\/script>\n<!-- \/ Yoast SEO plugin. -->","yoast_head_json":{"title":"E-magazin - K\u00e1v\u00e9 Mystique","robots":{"index":"index","follow":"follow","max-snippet":"max-snippet:-1","max-image-preview":"max-image-preview:large","max-video-preview":"max-video-preview:-1"},"canonical":"https:\/\/kavemystique.com\/e-magazin\/","og_locale":"sk_SK","og_type":"article","og_title":"E-magazin - K\u00e1v\u00e9 Mystique","og_url":"https:\/\/kavemystique.com\/e-magazin\/","og_site_name":"K\u00e1v\u00e9 Mystique","article_modified_time":"2024-07-21T17:50:30+00:00","twitter_card":"summary_large_image","twitter_misc":{"Predpokladan\u00fd \u010das \u010d\u00edtania":"4 min\u00faty"},"schema":{"@context":"https:\/\/schema.org","@graph":[{"@type":"WebPage","@id":"https:\/\/kavemystique.com\/e-magazin\/","url":"https:\/\/kavemystique.com\/e-magazin\/","name":"E-magazin - K\u00e1v\u00e9 Mystique","isPartOf":{"@id":"https:\/\/kavemystique.com\/#website"},"datePublished":"2024-07-09T17:16:18+00:00","dateModified":"2024-07-21T17:50:30+00:00","breadcrumb":{"@id":"https:\/\/kavemystique.com\/e-magazin\/#breadcrumb"},"inLanguage":"sk-SK","potentialAction":[{"@type":"ReadAction","target":["https:\/\/kavemystique.com\/e-magazin\/"]}]},{"@type":"BreadcrumbList","@id":"https:\/\/kavemystique.com\/e-magazin\/#breadcrumb","itemListElement":[{"@type":"ListItem","position":1,"name":"Kezd\u0151lap","item":"https:\/\/kavemystique.com\/sk\/"},{"@type":"ListItem","position":2,"name":"E-magazin"}]},{"@type":"WebSite","@id":"https:\/\/kavemystique.com\/#website","url":"https:\/\/kavemystique.com\/","name":"K\u00e1v\u00e9 Mystique","description":"","potentialAction":[{"@type":"SearchAction","target":{"@type":"EntryPoint","urlTemplate":"https:\/\/kavemystique.com\/?s={search_term_string}"},"query-input":{"@type":"PropertyValueSpecification","valueRequired":true,"valueName":"search_term_string"}}],"inLanguage":"sk-SK"}]}},"_links":{"self":[{"href":"https:\/\/kavemystique.com\/sk\/wp-json\/wp\/v2\/pages\/1437","targetHints":{"allow":["GET"]}}],"collection":[{"href":"https:\/\/kavemystique.com\/sk\/wp-json\/wp\/v2\/pages"}],"about":[{"href":"https:\/\/kavemystique.com\/sk\/wp-json\/wp\/v2\/types\/page"}],"author":[{"embeddable":true,"href":"https:\/\/kavemystique.com\/sk\/wp-json\/wp\/v2\/users\/1"}],"replies":[{"embeddable":true,"href":"https:\/\/kavemystique.com\/sk\/wp-json\/wp\/v2\/comments?post=1437"}],"version-history":[{"count":2,"href":"https:\/\/kavemystique.com\/sk\/wp-json\/wp\/v2\/pages\/1437\/revisions"}],"predecessor-version":[{"id":1458,"href":"https:\/\/kavemystique.com\/sk\/wp-json\/wp\/v2\/pages\/1437\/revisions\/1458"}],"wp:attachment":[{"href":"https:\/\/kavemystique.com\/sk\/wp-json\/wp\/v2\/media?parent=1437"}],"curies":[{"name":"wp","href":"https:\/\/api.w.org\/{rel}","templated":true}]}}