{"id":1387,"date":"2024-07-09T19:52:30","date_gmt":"2024-07-09T17:52:30","guid":{"rendered":"https:\/\/kavemystique.com\/termek\/mystique-essence\/"},"modified":"2024-08-27T16:41:54","modified_gmt":"2024-08-27T14:41:54","slug":"mystique-essence","status":"publish","type":"product","link":"https:\/\/kavemystique.com\/en\/product\/mystique-essence\/","title":{"rendered":"Mystique Essence"},"content":{"rendered":"<p>A premium blend containing rare and special coffee varieties. It also has a typical blackcurrant flavour. For young people and lovers of more acidic coffee. Also very good for lovers of milky drinks (latte, cappuccino, latte machiato).<\/p>\n<p>&nbsp;<\/p>\n<div  class='avia-icon-list-container av-2x98u8-eb668fee95a6169d4aa329694a3574bd  avia-builder-el-0  avia-builder-el-no-sibling '><ul class='avia-icon-list avia_animate_when_almost_visible avia-icon-list-left av-iconlist-big av-2x98u8-eb668fee95a6169d4aa329694a3574bd avia-iconlist-animate'>\n<li><div class='iconlist_icon av-lyrm9k8h-e17e2563571df0eba39db46b4767c70e avia-font-kave-font'><span class='iconlist-char' aria-hidden='true' data-av_icon='\ue806' data-av_iconfont='kave-font'><\/span><\/div><article class=\"article-icon-entry \"  itemscope=\"itemscope\" itemtype=\"https:\/\/schema.org\/CreativeWork\" ><div class=\"iconlist_content_wrap\"><header class=\"entry-content-header\"><h3 class='av_iconlist_title iconlist_title  '  itemprop=\"headline\" >Quality<\/h3><\/header><div class='iconlist_content '  itemprop=\"text\" ><p>Mystique Essence is made from high quality coffee beans, carefully selected from Arabica coffees from different regions. The harmonious combination of washed, dry and honey processing methods guarantees consistent coffee quality in every sip.<\/p>\n<\/div><\/div><footer class=\"entry-footer\"><\/footer><\/article><div class=\"iconlist-timeline\"><\/div><\/li>\n<li><div class='iconlist_icon av-lyrm9k8h-5-b2e0b9cc821a3ba0bd686388c374a3aa avia-font-kave-font'><span class='iconlist-char' aria-hidden='true' data-av_icon='\ue806' data-av_iconfont='kave-font'><\/span><\/div><article class=\"article-icon-entry \"  itemscope=\"itemscope\" itemtype=\"https:\/\/schema.org\/CreativeWork\" ><div class=\"iconlist_content_wrap\"><header class=\"entry-content-header\"><h3 class='av_iconlist_title iconlist_title  '  itemprop=\"headline\" >Sustainability<\/h3><\/header><div class='iconlist_content '  itemprop=\"text\" ><p>We support sustainable coffee farming to ensure that both the environment and the coffee-growing communities benefit from the enjoyment of coffee.<\/p>\n<\/div><\/div><footer class=\"entry-footer\"><\/footer><\/article><div class=\"iconlist-timeline\"><\/div><\/li>\n<li><div class='iconlist_icon av-lyrm9k8h-4-b46e01dd37cd766424ee36b94282b361 avia-font-kave-font'><span class='iconlist-char' aria-hidden='true' data-av_icon='\ue806' data-av_iconfont='kave-font'><\/span><\/div><article class=\"article-icon-entry \"  itemscope=\"itemscope\" itemtype=\"https:\/\/schema.org\/CreativeWork\" ><div class=\"iconlist_content_wrap\"><header class=\"entry-content-header\"><h3 class='av_iconlist_title iconlist_title  '  itemprop=\"headline\" >GMO-free<\/h3><\/header><div class='iconlist_content '  itemprop=\"text\" ><p>Mystique Essence is GMO-free. The ingredients have been carefully selected to ensure a pure and natural coffee experience, free from any genetically modified ingredients.<\/p>\n<\/div><\/div><footer class=\"entry-footer\"><\/footer><\/article><div class=\"iconlist-timeline\"><\/div><\/li>\n<li><div class='iconlist_icon av-lyrm9k8h-2-6731f8a284923df2a8b7e11c6140cc29 avia-font-kave-font'><span class='iconlist-char' aria-hidden='true' data-av_icon='\ue806' data-av_iconfont='kave-font'><\/span><\/div><article class=\"article-icon-entry \"  itemscope=\"itemscope\" itemtype=\"https:\/\/schema.org\/CreativeWork\" ><div class=\"iconlist_content_wrap\"><header class=\"entry-content-header\"><h3 class='av_iconlist_title iconlist_title  '  itemprop=\"headline\" >Recommendation<\/h3><\/header><div class='iconlist_content '  itemprop=\"text\" ><p>Mystique Essence is for those who want a new taste in coffee. Discover a unique taste experience that combines fruitiness, chocolate and honey in a single cup. \u00c9lvezze a k\u00e1v\u00e9 misztikus esszenci\u00e1j\u00e1t, amely minden kortyban egy utaz\u00e1st k\u00edn\u00e1l a k\u00e1v\u00e9\u00fcltetv\u00e9nyek vil\u00e1g\u00e1ba.<\/p>\n<\/div><\/div><footer class=\"entry-footer\"><\/footer><\/article><div class=\"iconlist-timeline\"><\/div><\/li>\n<\/ul><\/div>\n","protected":false},"excerpt":{"rendered":"<p>Mystique Essence is a mystical coffee speciality, combining the best of the world\u2019s coffee oils. Burundian Heza washed, Brazilian Cerrado dry processed and Indonesian Honey Gayo Belangi arabica beans create a magical essence of coffee, an orgy of flavours that promises a special experience for coffee lovers.<\/p>\n","protected":false},"featured_media":1652,"comment_status":"open","ping_status":"closed","template":"","meta":{"inline_featured_image":false},"product_brand":[],"product_cat":[88],"product_tag":[],"class_list":{"0":"post-1387","1":"product","2":"type-product","3":"status-publish","4":"has-post-thumbnail","6":"product_cat-coffee","8":"first","9":"instock","10":"shipping-taxable","11":"purchasable","12":"product-type-variable"},"yoast_head":"<!-- This site is optimized with the Yoast SEO plugin v27.5 - https:\/\/yoast.com\/product\/yoast-seo-wordpress\/ -->\n<title>Mystique Essence - K\u00e1v\u00e9 Mystique<\/title>\n<meta name=\"robots\" content=\"index, follow, max-snippet:-1, max-image-preview:large, max-video-preview:-1\" \/>\n<link rel=\"canonical\" href=\"https:\/\/kavemystique.com\/en\/product\/mystique-essence\/\" \/>\n<meta property=\"og:locale\" content=\"en_US\" \/>\n<meta property=\"og:type\" content=\"article\" \/>\n<meta property=\"og:title\" content=\"Mystique Essence - K\u00e1v\u00e9 Mystique\" \/>\n<meta property=\"og:description\" content=\"Mystique Essence is a mystical coffee speciality, combining the best of the world\u2019s coffee oils. Burundian Heza washed, Brazilian Cerrado dry processed and Indonesian Honey Gayo Belangi arabica beans create a magical essence of coffee, an orgy of flavours that promises a special experience for coffee lovers.\" \/>\n<meta property=\"og:url\" content=\"https:\/\/kavemystique.com\/en\/product\/mystique-essence\/\" \/>\n<meta property=\"og:site_name\" content=\"K\u00e1v\u00e9 Mystique\" \/>\n<meta property=\"article:modified_time\" content=\"2024-08-27T14:41:54+00:00\" \/>\n<meta property=\"og:image\" content=\"https:\/\/kavemystique.com\/wp-content\/uploads\/2024\/07\/essence.jpg\" \/>\n\t<meta property=\"og:image:width\" content=\"1200\" \/>\n\t<meta property=\"og:image:height\" content=\"1200\" \/>\n\t<meta property=\"og:image:type\" content=\"image\/jpeg\" \/>\n<meta name=\"twitter:card\" content=\"summary_large_image\" \/>\n<meta name=\"twitter:label1\" content=\"Est. reading time\" \/>\n\t<meta name=\"twitter:data1\" content=\"2 minutes\" \/>\n<script type=\"application\/ld+json\" class=\"yoast-schema-graph\">{\"@context\":\"https:\\\/\\\/schema.org\",\"@graph\":[{\"@type\":\"WebPage\",\"@id\":\"https:\\\/\\\/kavemystique.com\\\/en\\\/product\\\/mystique-essence\\\/\",\"url\":\"https:\\\/\\\/kavemystique.com\\\/en\\\/product\\\/mystique-essence\\\/\",\"name\":\"Mystique Essence - K\u00e1v\u00e9 Mystique\",\"isPartOf\":{\"@id\":\"https:\\\/\\\/kavemystique.com\\\/#website\"},\"primaryImageOfPage\":{\"@id\":\"https:\\\/\\\/kavemystique.com\\\/en\\\/product\\\/mystique-essence\\\/#primaryimage\"},\"image\":{\"@id\":\"https:\\\/\\\/kavemystique.com\\\/en\\\/product\\\/mystique-essence\\\/#primaryimage\"},\"thumbnailUrl\":\"https:\\\/\\\/kavemystique.com\\\/wp-content\\\/uploads\\\/2024\\\/07\\\/essence.jpg\",\"datePublished\":\"2024-07-09T17:52:30+00:00\",\"dateModified\":\"2024-08-27T14:41:54+00:00\",\"breadcrumb\":{\"@id\":\"https:\\\/\\\/kavemystique.com\\\/en\\\/product\\\/mystique-essence\\\/#breadcrumb\"},\"inLanguage\":\"en-US\",\"potentialAction\":[{\"@type\":\"ReadAction\",\"target\":[\"https:\\\/\\\/kavemystique.com\\\/en\\\/product\\\/mystique-essence\\\/\"]}]},{\"@type\":\"ImageObject\",\"inLanguage\":\"en-US\",\"@id\":\"https:\\\/\\\/kavemystique.com\\\/en\\\/product\\\/mystique-essence\\\/#primaryimage\",\"url\":\"https:\\\/\\\/kavemystique.com\\\/wp-content\\\/uploads\\\/2024\\\/07\\\/essence.jpg\",\"contentUrl\":\"https:\\\/\\\/kavemystique.com\\\/wp-content\\\/uploads\\\/2024\\\/07\\\/essence.jpg\",\"width\":1200,\"height\":1200,\"caption\":\"Essence\"},{\"@type\":\"BreadcrumbList\",\"@id\":\"https:\\\/\\\/kavemystique.com\\\/en\\\/product\\\/mystique-essence\\\/#breadcrumb\",\"itemListElement\":[{\"@type\":\"ListItem\",\"position\":1,\"name\":\"Kezd\u0151lap\",\"item\":\"https:\\\/\\\/kavemystique.com\\\/en\\\/\"},{\"@type\":\"ListItem\",\"position\":2,\"name\":\"Webshop\",\"item\":\"https:\\\/\\\/kavemystique.com\\\/webshop\\\/\"},{\"@type\":\"ListItem\",\"position\":3,\"name\":\"Mystique Essence\"}]},{\"@type\":\"WebSite\",\"@id\":\"https:\\\/\\\/kavemystique.com\\\/#website\",\"url\":\"https:\\\/\\\/kavemystique.com\\\/\",\"name\":\"K\u00e1v\u00e9 Mystique\",\"description\":\"\",\"potentialAction\":[{\"@type\":\"SearchAction\",\"target\":{\"@type\":\"EntryPoint\",\"urlTemplate\":\"https:\\\/\\\/kavemystique.com\\\/?s={search_term_string}\"},\"query-input\":{\"@type\":\"PropertyValueSpecification\",\"valueRequired\":true,\"valueName\":\"search_term_string\"}}],\"inLanguage\":\"en-US\"}]}<\/script>\n<!-- \/ Yoast SEO plugin. -->","yoast_head_json":{"title":"Mystique Essence - K\u00e1v\u00e9 Mystique","robots":{"index":"index","follow":"follow","max-snippet":"max-snippet:-1","max-image-preview":"max-image-preview:large","max-video-preview":"max-video-preview:-1"},"canonical":"https:\/\/kavemystique.com\/en\/product\/mystique-essence\/","og_locale":"en_US","og_type":"article","og_title":"Mystique Essence - K\u00e1v\u00e9 Mystique","og_description":"Mystique Essence is a mystical coffee speciality, combining the best of the world\u2019s coffee oils. Burundian Heza washed, Brazilian Cerrado dry processed and Indonesian Honey Gayo Belangi arabica beans create a magical essence of coffee, an orgy of flavours that promises a special experience for coffee lovers.","og_url":"https:\/\/kavemystique.com\/en\/product\/mystique-essence\/","og_site_name":"K\u00e1v\u00e9 Mystique","article_modified_time":"2024-08-27T14:41:54+00:00","og_image":[{"width":1200,"height":1200,"url":"https:\/\/kavemystique.com\/wp-content\/uploads\/2024\/07\/essence.jpg","type":"image\/jpeg"}],"twitter_card":"summary_large_image","twitter_misc":{"Est. reading time":"2 minutes"},"schema":{"@context":"https:\/\/schema.org","@graph":[{"@type":"WebPage","@id":"https:\/\/kavemystique.com\/en\/product\/mystique-essence\/","url":"https:\/\/kavemystique.com\/en\/product\/mystique-essence\/","name":"Mystique Essence - K\u00e1v\u00e9 Mystique","isPartOf":{"@id":"https:\/\/kavemystique.com\/#website"},"primaryImageOfPage":{"@id":"https:\/\/kavemystique.com\/en\/product\/mystique-essence\/#primaryimage"},"image":{"@id":"https:\/\/kavemystique.com\/en\/product\/mystique-essence\/#primaryimage"},"thumbnailUrl":"https:\/\/kavemystique.com\/wp-content\/uploads\/2024\/07\/essence.jpg","datePublished":"2024-07-09T17:52:30+00:00","dateModified":"2024-08-27T14:41:54+00:00","breadcrumb":{"@id":"https:\/\/kavemystique.com\/en\/product\/mystique-essence\/#breadcrumb"},"inLanguage":"en-US","potentialAction":[{"@type":"ReadAction","target":["https:\/\/kavemystique.com\/en\/product\/mystique-essence\/"]}]},{"@type":"ImageObject","inLanguage":"en-US","@id":"https:\/\/kavemystique.com\/en\/product\/mystique-essence\/#primaryimage","url":"https:\/\/kavemystique.com\/wp-content\/uploads\/2024\/07\/essence.jpg","contentUrl":"https:\/\/kavemystique.com\/wp-content\/uploads\/2024\/07\/essence.jpg","width":1200,"height":1200,"caption":"Essence"},{"@type":"BreadcrumbList","@id":"https:\/\/kavemystique.com\/en\/product\/mystique-essence\/#breadcrumb","itemListElement":[{"@type":"ListItem","position":1,"name":"Kezd\u0151lap","item":"https:\/\/kavemystique.com\/en\/"},{"@type":"ListItem","position":2,"name":"Webshop","item":"https:\/\/kavemystique.com\/webshop\/"},{"@type":"ListItem","position":3,"name":"Mystique Essence"}]},{"@type":"WebSite","@id":"https:\/\/kavemystique.com\/#website","url":"https:\/\/kavemystique.com\/","name":"K\u00e1v\u00e9 Mystique","description":"","potentialAction":[{"@type":"SearchAction","target":{"@type":"EntryPoint","urlTemplate":"https:\/\/kavemystique.com\/?s={search_term_string}"},"query-input":{"@type":"PropertyValueSpecification","valueRequired":true,"valueName":"search_term_string"}}],"inLanguage":"en-US"}]}},"_links":{"self":[{"href":"https:\/\/kavemystique.com\/en\/wp-json\/wp\/v2\/product\/1387","targetHints":{"allow":["GET"]}}],"collection":[{"href":"https:\/\/kavemystique.com\/en\/wp-json\/wp\/v2\/product"}],"about":[{"href":"https:\/\/kavemystique.com\/en\/wp-json\/wp\/v2\/types\/product"}],"replies":[{"embeddable":true,"href":"https:\/\/kavemystique.com\/en\/wp-json\/wp\/v2\/comments?post=1387"}],"wp:featuredmedia":[{"embeddable":true,"href":"https:\/\/kavemystique.com\/en\/wp-json\/wp\/v2\/media\/1652"}],"wp:attachment":[{"href":"https:\/\/kavemystique.com\/en\/wp-json\/wp\/v2\/media?parent=1387"}],"wp:term":[{"taxonomy":"product_brand","embeddable":true,"href":"https:\/\/kavemystique.com\/en\/wp-json\/wp\/v2\/product_brand?post=1387"},{"taxonomy":"product_cat","embeddable":true,"href":"https:\/\/kavemystique.com\/en\/wp-json\/wp\/v2\/product_cat?post=1387"},{"taxonomy":"product_tag","embeddable":true,"href":"https:\/\/kavemystique.com\/en\/wp-json\/wp\/v2\/product_tag?post=1387"}],"curies":[{"name":"wp","href":"https:\/\/api.w.org\/{rel}","templated":true}]}}